{"id":278,"date":"2025-08-03T13:38:57","date_gmt":"2025-08-03T13:38:57","guid":{"rendered":"https:\/\/ybse.org.tr\/?page_id=278"},"modified":"2026-02-27T18:04:52","modified_gmt":"2026-02-27T18:04:52","slug":"uyelik","status":"publish","type":"page","link":"https:\/\/ybse.org.tr\/?page_id=278","title":{"rendered":"\u00dcyelik"},"content":{"rendered":"\n<p><strong>Y\u00f6netim ve Bili\u015fim Sistemleri Derne\u011fimize, T\u00fcz\u00fc\u011f\u00fcm\u00fcz\u00fcn 3. B\u00f6l\u00fcm\u00fcnde belirtildi\u011fi \u00fczere en ko\u015fullara sahip herkes \u00fcye olabilir. \u00dcyelik ba\u015fvurusunda bulunmak i\u00e7in&nbsp;\u00dcYEL\u0130K BA\u015eVURU BELGES\u0130\u2018ni doldurup bize <br><a href=\"mailto:ybsenstitusu@gmail.com\">ybsenstitusu@gmail.com<\/a><\/strong> e-<strong>posta yoluyla ula\u015ft\u0131rabilirsiniz<\/strong>.<\/p>\n\n\n\n<p><em>2025 ve 2026 y\u0131l\u0131 i\u00e7in giri\u015f aidat\u0131 2.000 TL, y\u0131ll\u0131k \u00fcyelik aidat\u0131 1.200 TL\u2019dir, Giri\u015f aidat\u0131 yeni \u00fcye olurken ve bir defal\u0131k \u00f6denmektedir, Y\u0131ll\u0131k \u00fcyelik aidat\u0131 her y\u0131l belirlenecek tutarda ve tekrar ederek \u00f6denmektedir.<br>Hesap ad\u0131:<\/em> <em>Y\u00d6NET\u0130M VE B\u0130L\u0130\u015e\u0130M S\u0130STEMLER\u0130 DERNE\u011e\u0130,&nbsp; &nbsp;\u0130BAN: TR720001200974500016000183<\/em><\/p>\n\n\n\n<p>Dernek \u00fcyelik Formunu a\u015fa\u011f\u0131daki linkten indirebilirsiniz.<\/p>\n\n\n\n<div class=\"wp-block-file\"><a id=\"wp-block-file--media-e11f7a69-88f8-4d23-b45b-9eb1b5abe2ee\" href=\"https:\/\/ybse.org.tr\/wp-content\/uploads\/2026\/02\/YveBS_Dernegi_Uye_Kayit_Formu_2025-2026.docx\">YveBS_Dernegi_Uye_Kayit_Formu_2025-2026<\/a><a href=\"https:\/\/ybse.org.tr\/wp-content\/uploads\/2026\/02\/YveBS_Dernegi_Uye_Kayit_Formu_2025-2026.docx\" class=\"wp-block-file__button wp-element-button\" download aria-describedby=\"wp-block-file--media-e11f7a69-88f8-4d23-b45b-9eb1b5abe2ee\">\u0130ndir<\/a><\/div>\n\n\n\n<p><\/p>\n","protected":false},"excerpt":{"rendered":"<p>Y\u00f6netim ve Bili\u015fim Sistemleri Derne\u011fimize, T\u00fcz\u00fc\u011f\u00fcm\u00fcz\u00fcn 3. B\u00f6l\u00fcm\u00fcnde belirtildi\u011fi \u00fczere en ko\u015fullara sahip herkes \u00fcye olabilir. \u00dcyelik ba\u015fvurusunda bulunmak i\u00e7in&nbsp;\u00dcYEL\u0130K BA\u015eVURU BELGES\u0130\u2018ni doldurup bize ybsenstitusu@gmail.com e-posta yoluyla ula\u015ft\u0131rabilirsiniz. 2025 ve 2026 y\u0131l\u0131 i\u00e7in giri\u015f aidat\u0131 2.000 TL, y\u0131ll\u0131k \u00fcyelik aidat\u0131 1.200 TL\u2019dir, Giri\u015f aidat\u0131 yeni \u00fcye olurken ve bir defal\u0131k \u00f6denmektedir, Y\u0131ll\u0131k \u00fcyelik aidat\u0131 her [&hellip;]<\/p>\n","protected":false},"author":1,"featured_media":0,"parent":0,"menu_order":0,"comment_status":"closed","ping_status":"closed","template":"","meta":{"footnotes":""},"class_list":["post-278","page","type-page","status-publish","hentry"],"yoast_head":"<!-- This site is optimized with the Yoast SEO plugin v26.8 - https:\/\/yoast.com\/product\/yoast-seo-wordpress\/ -->\n<title>\u00dcyelik - Y\u00f6netim Bili\u015fim Sistemleri Enstit\u00fcs\u00fc<\/title>\n<meta name=\"robots\" content=\"index, follow, max-snippet:-1, max-image-preview:large, max-video-preview:-1\" \/>\n<link rel=\"canonical\" href=\"https:\/\/ybse.org.tr\/?page_id=278\" \/>\n<meta property=\"og:locale\" content=\"tr_TR\" \/>\n<meta property=\"og:type\" content=\"article\" \/>\n<meta property=\"og:title\" content=\"\u00dcyelik - Y\u00f6netim Bili\u015fim Sistemleri Enstit\u00fcs\u00fc\" \/>\n<meta property=\"og:description\" content=\"Y\u00f6netim ve Bili\u015fim Sistemleri Derne\u011fimize, T\u00fcz\u00fc\u011f\u00fcm\u00fcz\u00fcn 3. B\u00f6l\u00fcm\u00fcnde belirtildi\u011fi \u00fczere en ko\u015fullara sahip herkes \u00fcye olabilir. \u00dcyelik ba\u015fvurusunda bulunmak i\u00e7in&nbsp;\u00dcYEL\u0130K BA\u015eVURU BELGES\u0130\u2018ni doldurup bize ybsenstitusu@gmail.com e-posta yoluyla ula\u015ft\u0131rabilirsiniz. 2025 ve 2026 y\u0131l\u0131 i\u00e7in giri\u015f aidat\u0131 2.000 TL, y\u0131ll\u0131k \u00fcyelik aidat\u0131 1.200 TL\u2019dir, Giri\u015f aidat\u0131 yeni \u00fcye olurken ve bir defal\u0131k \u00f6denmektedir, Y\u0131ll\u0131k \u00fcyelik aidat\u0131 her [&hellip;]\" \/>\n<meta property=\"og:url\" content=\"https:\/\/ybse.org.tr\/?page_id=278\" \/>\n<meta property=\"og:site_name\" content=\"Y\u00f6netim Bili\u015fim Sistemleri Enstit\u00fcs\u00fc\" \/>\n<meta property=\"article:modified_time\" content=\"2026-02-27T18:04:52+00:00\" \/>\n<meta name=\"twitter:card\" content=\"summary_large_image\" \/>\n<meta name=\"twitter:label1\" content=\"Tahmini okuma s\u00fcresi\" \/>\n\t<meta name=\"twitter:data1\" content=\"1 dakika\" \/>\n<script type=\"application\/ld+json\" class=\"yoast-schema-graph\">{\"@context\":\"https:\/\/schema.org\",\"@graph\":[{\"@type\":\"WebPage\",\"@id\":\"https:\/\/ybse.org.tr\/?page_id=278\",\"url\":\"https:\/\/ybse.org.tr\/?page_id=278\",\"name\":\"\u00dcyelik - Y\u00f6netim Bili\u015fim Sistemleri Enstit\u00fcs\u00fc\",\"isPartOf\":{\"@id\":\"https:\/\/ybse.org.tr\/#website\"},\"datePublished\":\"2025-08-03T13:38:57+00:00\",\"dateModified\":\"2026-02-27T18:04:52+00:00\",\"breadcrumb\":{\"@id\":\"https:\/\/ybse.org.tr\/?page_id=278#breadcrumb\"},\"inLanguage\":\"tr\",\"potentialAction\":[{\"@type\":\"ReadAction\",\"target\":[\"https:\/\/ybse.org.tr\/?page_id=278\"]}]},{\"@type\":\"BreadcrumbList\",\"@id\":\"https:\/\/ybse.org.tr\/?page_id=278#breadcrumb\",\"itemListElement\":[{\"@type\":\"ListItem\",\"position\":1,\"name\":\"Anasayfa\",\"item\":\"https:\/\/ybse.org.tr\/?page_id=102\"},{\"@type\":\"ListItem\",\"position\":2,\"name\":\"\u00dcyelik\"}]},{\"@type\":\"WebSite\",\"@id\":\"https:\/\/ybse.org.tr\/#website\",\"url\":\"https:\/\/ybse.org.tr\/\",\"name\":\"Y\u00f6netim Bili\u015fim Sistemleri Enstit\u00fcs\u00fc\",\"description\":\"\",\"publisher\":{\"@id\":\"https:\/\/ybse.org.tr\/#organization\"},\"potentialAction\":[{\"@type\":\"SearchAction\",\"target\":{\"@type\":\"EntryPoint\",\"urlTemplate\":\"https:\/\/ybse.org.tr\/?s={search_term_string}\"},\"query-input\":{\"@type\":\"PropertyValueSpecification\",\"valueRequired\":true,\"valueName\":\"search_term_string\"}}],\"inLanguage\":\"tr\"},{\"@type\":\"Organization\",\"@id\":\"https:\/\/ybse.org.tr\/#organization\",\"name\":\"Y\u00f6netim Bili\u015fim Sistemleri Enstit\u00fcs\u00fc\",\"url\":\"https:\/\/ybse.org.tr\/\",\"logo\":{\"@type\":\"ImageObject\",\"inLanguage\":\"tr\",\"@id\":\"https:\/\/ybse.org.tr\/#\/schema\/logo\/image\/\",\"url\":\"https:\/\/ybse.org.tr\/wp-content\/uploads\/2025\/04\/cropped-YBSE_Logo-1.jpeg\",\"contentUrl\":\"https:\/\/ybse.org.tr\/wp-content\/uploads\/2025\/04\/cropped-YBSE_Logo-1.jpeg\",\"width\":100,\"height\":100,\"caption\":\"Y\u00f6netim Bili\u015fim Sistemleri Enstit\u00fcs\u00fc\"},\"image\":{\"@id\":\"https:\/\/ybse.org.tr\/#\/schema\/logo\/image\/\"}}]}<\/script>\n<!-- \/ Yoast SEO plugin. -->","yoast_head_json":{"title":"\u00dcyelik - Y\u00f6netim Bili\u015fim Sistemleri Enstit\u00fcs\u00fc","robots":{"index":"index","follow":"follow","max-snippet":"max-snippet:-1","max-image-preview":"max-image-preview:large","max-video-preview":"max-video-preview:-1"},"canonical":"https:\/\/ybse.org.tr\/?page_id=278","og_locale":"tr_TR","og_type":"article","og_title":"\u00dcyelik - Y\u00f6netim Bili\u015fim Sistemleri Enstit\u00fcs\u00fc","og_description":"Y\u00f6netim ve Bili\u015fim Sistemleri Derne\u011fimize, T\u00fcz\u00fc\u011f\u00fcm\u00fcz\u00fcn 3. B\u00f6l\u00fcm\u00fcnde belirtildi\u011fi \u00fczere en ko\u015fullara sahip herkes \u00fcye olabilir. \u00dcyelik ba\u015fvurusunda bulunmak i\u00e7in&nbsp;\u00dcYEL\u0130K BA\u015eVURU BELGES\u0130\u2018ni doldurup bize ybsenstitusu@gmail.com e-posta yoluyla ula\u015ft\u0131rabilirsiniz. 2025 ve 2026 y\u0131l\u0131 i\u00e7in giri\u015f aidat\u0131 2.000 TL, y\u0131ll\u0131k \u00fcyelik aidat\u0131 1.200 TL\u2019dir, Giri\u015f aidat\u0131 yeni \u00fcye olurken ve bir defal\u0131k \u00f6denmektedir, Y\u0131ll\u0131k \u00fcyelik aidat\u0131 her [&hellip;]","og_url":"https:\/\/ybse.org.tr\/?page_id=278","og_site_name":"Y\u00f6netim Bili\u015fim Sistemleri Enstit\u00fcs\u00fc","article_modified_time":"2026-02-27T18:04:52+00:00","twitter_card":"summary_large_image","twitter_misc":{"Tahmini okuma s\u00fcresi":"1 dakika"},"schema":{"@context":"https:\/\/schema.org","@graph":[{"@type":"WebPage","@id":"https:\/\/ybse.org.tr\/?page_id=278","url":"https:\/\/ybse.org.tr\/?page_id=278","name":"\u00dcyelik - Y\u00f6netim Bili\u015fim Sistemleri Enstit\u00fcs\u00fc","isPartOf":{"@id":"https:\/\/ybse.org.tr\/#website"},"datePublished":"2025-08-03T13:38:57+00:00","dateModified":"2026-02-27T18:04:52+00:00","breadcrumb":{"@id":"https:\/\/ybse.org.tr\/?page_id=278#breadcrumb"},"inLanguage":"tr","potentialAction":[{"@type":"ReadAction","target":["https:\/\/ybse.org.tr\/?page_id=278"]}]},{"@type":"BreadcrumbList","@id":"https:\/\/ybse.org.tr\/?page_id=278#breadcrumb","itemListElement":[{"@type":"ListItem","position":1,"name":"Anasayfa","item":"https:\/\/ybse.org.tr\/?page_id=102"},{"@type":"ListItem","position":2,"name":"\u00dcyelik"}]},{"@type":"WebSite","@id":"https:\/\/ybse.org.tr\/#website","url":"https:\/\/ybse.org.tr\/","name":"Y\u00f6netim Bili\u015fim Sistemleri Enstit\u00fcs\u00fc","description":"","publisher":{"@id":"https:\/\/ybse.org.tr\/#organization"},"potentialAction":[{"@type":"SearchAction","target":{"@type":"EntryPoint","urlTemplate":"https:\/\/ybse.org.tr\/?s={search_term_string}"},"query-input":{"@type":"PropertyValueSpecification","valueRequired":true,"valueName":"search_term_string"}}],"inLanguage":"tr"},{"@type":"Organization","@id":"https:\/\/ybse.org.tr\/#organization","name":"Y\u00f6netim Bili\u015fim Sistemleri Enstit\u00fcs\u00fc","url":"https:\/\/ybse.org.tr\/","logo":{"@type":"ImageObject","inLanguage":"tr","@id":"https:\/\/ybse.org.tr\/#\/schema\/logo\/image\/","url":"https:\/\/ybse.org.tr\/wp-content\/uploads\/2025\/04\/cropped-YBSE_Logo-1.jpeg","contentUrl":"https:\/\/ybse.org.tr\/wp-content\/uploads\/2025\/04\/cropped-YBSE_Logo-1.jpeg","width":100,"height":100,"caption":"Y\u00f6netim Bili\u015fim Sistemleri Enstit\u00fcs\u00fc"},"image":{"@id":"https:\/\/ybse.org.tr\/#\/schema\/logo\/image\/"}}]}},"_links":{"self":[{"href":"https:\/\/ybse.org.tr\/index.php?rest_route=\/wp\/v2\/pages\/278","targetHints":{"allow":["GET"]}}],"collection":[{"href":"https:\/\/ybse.org.tr\/index.php?rest_route=\/wp\/v2\/pages"}],"about":[{"href":"https:\/\/ybse.org.tr\/index.php?rest_route=\/wp\/v2\/types\/page"}],"author":[{"embeddable":true,"href":"https:\/\/ybse.org.tr\/index.php?rest_route=\/wp\/v2\/users\/1"}],"replies":[{"embeddable":true,"href":"https:\/\/ybse.org.tr\/index.php?rest_route=%2Fwp%2Fv2%2Fcomments&post=278"}],"version-history":[{"count":6,"href":"https:\/\/ybse.org.tr\/index.php?rest_route=\/wp\/v2\/pages\/278\/revisions"}],"predecessor-version":[{"id":297,"href":"https:\/\/ybse.org.tr\/index.php?rest_route=\/wp\/v2\/pages\/278\/revisions\/297"}],"wp:attachment":[{"href":"https:\/\/ybse.org.tr\/index.php?rest_route=%2Fwp%2Fv2%2Fmedia&parent=278"}],"curies":[{"name":"wp","href":"https:\/\/api.w.org\/{rel}","templated":true}]}}