{"id":259,"date":"2025-08-03T12:34:43","date_gmt":"2025-08-03T12:34:43","guid":{"rendered":"https:\/\/ybse.org.tr\/?page_id=259"},"modified":"2025-08-03T13:06:56","modified_gmt":"2025-08-03T13:06:56","slug":"danisma-kurulu","status":"publish","type":"page","link":"https:\/\/ybse.org.tr\/?page_id=259","title":{"rendered":"Dan\u0131\u015fma Kurulu"},"content":{"rendered":"\n<div class=\"wp-block-columns is-layout-flex wp-container-core-columns-is-layout-9d6595d7 wp-block-columns-is-layout-flex\">\n<div class=\"wp-block-column is-layout-flow wp-block-column-is-layout-flow\" style=\"flex-basis:100%\">\n<figure class=\"wp-block-table\"><table class=\"has-fixed-layout\"><tbody><tr><td class=\"has-text-align-left\" data-align=\"left\"><strong>AD SOYAD<\/strong><\/td><td class=\"has-text-align-left\" data-align=\"left\"><strong>KURUM<\/strong><\/td><\/tr><tr><td class=\"has-text-align-left\" data-align=\"left\">Prof. Dr. Alptekin ERKOLLAR<\/td><td class=\"has-text-align-left\" data-align=\"left\">ETCOP Research Institute for Interdisciplinary Research, Austria<\/td><\/tr><tr><td class=\"has-text-align-left\" data-align=\"left\">Prof. Dr. Birgit OBERER<\/td><td class=\"has-text-align-left\" data-align=\"left\">IGIP, Austria<\/td><\/tr><tr><td class=\"has-text-align-left\" data-align=\"left\">Prof. Dr. Birg\u00fcl KUTLU BAYRAKTAR<\/td><td class=\"has-text-align-left\" data-align=\"left\">\u0130stanbul Sa\u011fl\u0131k ve Teknoloji \u00dcniversitesi<\/td><\/tr><tr><td class=\"has-text-align-left\" data-align=\"left\">Prof. Dr. Haldun AKPINAR<\/td><td class=\"has-text-align-left\" data-align=\"left\">Marmara \u00dcniversitesi<\/td><\/tr><tr><td class=\"has-text-align-left\" data-align=\"left\">Prof. Dr. \u0130zzet G\u00f6khan \u00d6ZB\u0130LG\u0130N<\/td><td class=\"has-text-align-left\" data-align=\"left\">Ankara Medipol \u00dcniversitesi<\/td><\/tr><tr><td class=\"has-text-align-left\" data-align=\"left\">Prof. Dr. Mehmet Nafiz AYDIN<\/td><td class=\"has-text-align-left\" data-align=\"left\">Bo\u011fazi\u00e7i \u00dcniversitesi<\/td><\/tr><tr><td class=\"has-text-align-left\" data-align=\"left\">Prof. Dr. Meltem \u00d6ZTURAN<\/td><td class=\"has-text-align-left\" data-align=\"left\">Bo\u011fazi\u00e7i \u00dcniversitesi, Emekli<\/td><\/tr><tr><td class=\"has-text-align-left\" data-align=\"left\">Prof. Dr. Nuri BA\u015eO\u011eLU<\/td><td class=\"has-text-align-left\" data-align=\"left\">\u0130zmir Y\u00fcksek Teknoloji Enstit\u00fcs\u00fc, Emekli<\/td><\/tr><tr><td class=\"has-text-align-left\" data-align=\"left\">Prof. Dr. Sevin\u00e7 G\u00dcLSE\u00c7EN<\/td><td class=\"has-text-align-left\" data-align=\"left\">\u0130stanbul \u00dcniversitesi<\/td><\/tr><tr><td class=\"has-text-align-left\" data-align=\"left\">Prof. Dr. Vahap TEC\u0130M<\/td><td class=\"has-text-align-left\" data-align=\"left\">Dokuz Eyl\u00fcl \u00dcniversitesi<\/td><\/tr><tr><td class=\"has-text-align-left\" data-align=\"left\">Do\u00e7.Dr. Recep BENZER<\/td><td class=\"has-text-align-left\" data-align=\"left\">Ankara Medipol \u00dcniversitesi<\/td><\/tr><tr><td class=\"has-text-align-left\" data-align=\"left\">Dr. \u00d6\u011fretim \u00dcyesi \u00c7a\u011fla \u00d6ZEN<\/td><td class=\"has-text-align-left\" data-align=\"left\">Yeditepe \u00dcniversitesi<\/td><\/tr><\/tbody><\/table><\/figure>\n<\/div>\n<\/div>\n\n\n\n<p><\/p>\n\n\n\n<h2 class=\"wp-block-heading\"><\/h2>\n","protected":false},"excerpt":{"rendered":"<p>AD SOYAD KURUM Prof. Dr. Alptekin ERKOLLAR ETCOP Research Institute for Interdisciplinary Research, Austria Prof. Dr. Birgit OBERER IGIP, Austria Prof. Dr. Birg\u00fcl KUTLU BAYRAKTAR \u0130stanbul Sa\u011fl\u0131k ve Teknoloji \u00dcniversitesi Prof. Dr. Haldun AKPINAR Marmara \u00dcniversitesi Prof. Dr. \u0130zzet G\u00f6khan \u00d6ZB\u0130LG\u0130N Ankara Medipol \u00dcniversitesi Prof. Dr. Mehmet Nafiz AYDIN Bo\u011fazi\u00e7i \u00dcniversitesi Prof. Dr. Meltem \u00d6ZTURAN [&hellip;]<\/p>\n","protected":false},"author":1,"featured_media":0,"parent":0,"menu_order":0,"comment_status":"closed","ping_status":"closed","template":"","meta":{"footnotes":""},"class_list":["post-259","page","type-page","status-publish","hentry"],"yoast_head":"<!-- This site is optimized with the Yoast SEO plugin v26.8 - https:\/\/yoast.com\/product\/yoast-seo-wordpress\/ -->\n<title>Dan\u0131\u015fma Kurulu - Y\u00f6netim Bili\u015fim Sistemleri Enstit\u00fcs\u00fc<\/title>\n<meta name=\"robots\" content=\"index, follow, max-snippet:-1, max-image-preview:large, max-video-preview:-1\" \/>\n<link rel=\"canonical\" href=\"https:\/\/ybse.org.tr\/?page_id=259\" \/>\n<meta property=\"og:locale\" content=\"tr_TR\" \/>\n<meta property=\"og:type\" content=\"article\" \/>\n<meta property=\"og:title\" content=\"Dan\u0131\u015fma Kurulu - Y\u00f6netim Bili\u015fim Sistemleri Enstit\u00fcs\u00fc\" \/>\n<meta property=\"og:description\" content=\"AD SOYAD KURUM Prof. Dr. Alptekin ERKOLLAR ETCOP Research Institute for Interdisciplinary Research, Austria Prof. Dr. Birgit OBERER IGIP, Austria Prof. Dr. Birg\u00fcl KUTLU BAYRAKTAR \u0130stanbul Sa\u011fl\u0131k ve Teknoloji \u00dcniversitesi Prof. Dr. Haldun AKPINAR Marmara \u00dcniversitesi Prof. Dr. \u0130zzet G\u00f6khan \u00d6ZB\u0130LG\u0130N Ankara Medipol \u00dcniversitesi Prof. Dr. Mehmet Nafiz AYDIN Bo\u011fazi\u00e7i \u00dcniversitesi Prof. Dr. Meltem \u00d6ZTURAN [&hellip;]\" \/>\n<meta property=\"og:url\" content=\"https:\/\/ybse.org.tr\/?page_id=259\" \/>\n<meta property=\"og:site_name\" content=\"Y\u00f6netim Bili\u015fim Sistemleri Enstit\u00fcs\u00fc\" \/>\n<meta property=\"article:modified_time\" content=\"2025-08-03T13:06:56+00:00\" \/>\n<meta name=\"twitter:card\" content=\"summary_large_image\" \/>\n<meta name=\"twitter:label1\" content=\"Tahmini okuma s\u00fcresi\" \/>\n\t<meta name=\"twitter:data1\" content=\"1 dakika\" \/>\n<script type=\"application\/ld+json\" class=\"yoast-schema-graph\">{\"@context\":\"https:\/\/schema.org\",\"@graph\":[{\"@type\":\"WebPage\",\"@id\":\"https:\/\/ybse.org.tr\/?page_id=259\",\"url\":\"https:\/\/ybse.org.tr\/?page_id=259\",\"name\":\"Dan\u0131\u015fma Kurulu - Y\u00f6netim Bili\u015fim Sistemleri Enstit\u00fcs\u00fc\",\"isPartOf\":{\"@id\":\"https:\/\/ybse.org.tr\/#website\"},\"datePublished\":\"2025-08-03T12:34:43+00:00\",\"dateModified\":\"2025-08-03T13:06:56+00:00\",\"breadcrumb\":{\"@id\":\"https:\/\/ybse.org.tr\/?page_id=259#breadcrumb\"},\"inLanguage\":\"tr\",\"potentialAction\":[{\"@type\":\"ReadAction\",\"target\":[\"https:\/\/ybse.org.tr\/?page_id=259\"]}]},{\"@type\":\"BreadcrumbList\",\"@id\":\"https:\/\/ybse.org.tr\/?page_id=259#breadcrumb\",\"itemListElement\":[{\"@type\":\"ListItem\",\"position\":1,\"name\":\"Anasayfa\",\"item\":\"https:\/\/ybse.org.tr\/?page_id=102\"},{\"@type\":\"ListItem\",\"position\":2,\"name\":\"Dan\u0131\u015fma Kurulu\"}]},{\"@type\":\"WebSite\",\"@id\":\"https:\/\/ybse.org.tr\/#website\",\"url\":\"https:\/\/ybse.org.tr\/\",\"name\":\"Y\u00f6netim Bili\u015fim Sistemleri Enstit\u00fcs\u00fc\",\"description\":\"\",\"publisher\":{\"@id\":\"https:\/\/ybse.org.tr\/#organization\"},\"potentialAction\":[{\"@type\":\"SearchAction\",\"target\":{\"@type\":\"EntryPoint\",\"urlTemplate\":\"https:\/\/ybse.org.tr\/?s={search_term_string}\"},\"query-input\":{\"@type\":\"PropertyValueSpecification\",\"valueRequired\":true,\"valueName\":\"search_term_string\"}}],\"inLanguage\":\"tr\"},{\"@type\":\"Organization\",\"@id\":\"https:\/\/ybse.org.tr\/#organization\",\"name\":\"Y\u00f6netim Bili\u015fim Sistemleri Enstit\u00fcs\u00fc\",\"url\":\"https:\/\/ybse.org.tr\/\",\"logo\":{\"@type\":\"ImageObject\",\"inLanguage\":\"tr\",\"@id\":\"https:\/\/ybse.org.tr\/#\/schema\/logo\/image\/\",\"url\":\"https:\/\/ybse.org.tr\/wp-content\/uploads\/2025\/04\/cropped-YBSE_Logo-1.jpeg\",\"contentUrl\":\"https:\/\/ybse.org.tr\/wp-content\/uploads\/2025\/04\/cropped-YBSE_Logo-1.jpeg\",\"width\":100,\"height\":100,\"caption\":\"Y\u00f6netim Bili\u015fim Sistemleri Enstit\u00fcs\u00fc\"},\"image\":{\"@id\":\"https:\/\/ybse.org.tr\/#\/schema\/logo\/image\/\"}}]}<\/script>\n<!-- \/ Yoast SEO plugin. -->","yoast_head_json":{"title":"Dan\u0131\u015fma Kurulu - Y\u00f6netim Bili\u015fim Sistemleri Enstit\u00fcs\u00fc","robots":{"index":"index","follow":"follow","max-snippet":"max-snippet:-1","max-image-preview":"max-image-preview:large","max-video-preview":"max-video-preview:-1"},"canonical":"https:\/\/ybse.org.tr\/?page_id=259","og_locale":"tr_TR","og_type":"article","og_title":"Dan\u0131\u015fma Kurulu - Y\u00f6netim Bili\u015fim Sistemleri Enstit\u00fcs\u00fc","og_description":"AD SOYAD KURUM Prof. Dr. Alptekin ERKOLLAR ETCOP Research Institute for Interdisciplinary Research, Austria Prof. Dr. Birgit OBERER IGIP, Austria Prof. Dr. Birg\u00fcl KUTLU BAYRAKTAR \u0130stanbul Sa\u011fl\u0131k ve Teknoloji \u00dcniversitesi Prof. Dr. Haldun AKPINAR Marmara \u00dcniversitesi Prof. Dr. \u0130zzet G\u00f6khan \u00d6ZB\u0130LG\u0130N Ankara Medipol \u00dcniversitesi Prof. Dr. Mehmet Nafiz AYDIN Bo\u011fazi\u00e7i \u00dcniversitesi Prof. Dr. Meltem \u00d6ZTURAN [&hellip;]","og_url":"https:\/\/ybse.org.tr\/?page_id=259","og_site_name":"Y\u00f6netim Bili\u015fim Sistemleri Enstit\u00fcs\u00fc","article_modified_time":"2025-08-03T13:06:56+00:00","twitter_card":"summary_large_image","twitter_misc":{"Tahmini okuma s\u00fcresi":"1 dakika"},"schema":{"@context":"https:\/\/schema.org","@graph":[{"@type":"WebPage","@id":"https:\/\/ybse.org.tr\/?page_id=259","url":"https:\/\/ybse.org.tr\/?page_id=259","name":"Dan\u0131\u015fma Kurulu - Y\u00f6netim Bili\u015fim Sistemleri Enstit\u00fcs\u00fc","isPartOf":{"@id":"https:\/\/ybse.org.tr\/#website"},"datePublished":"2025-08-03T12:34:43+00:00","dateModified":"2025-08-03T13:06:56+00:00","breadcrumb":{"@id":"https:\/\/ybse.org.tr\/?page_id=259#breadcrumb"},"inLanguage":"tr","potentialAction":[{"@type":"ReadAction","target":["https:\/\/ybse.org.tr\/?page_id=259"]}]},{"@type":"BreadcrumbList","@id":"https:\/\/ybse.org.tr\/?page_id=259#breadcrumb","itemListElement":[{"@type":"ListItem","position":1,"name":"Anasayfa","item":"https:\/\/ybse.org.tr\/?page_id=102"},{"@type":"ListItem","position":2,"name":"Dan\u0131\u015fma Kurulu"}]},{"@type":"WebSite","@id":"https:\/\/ybse.org.tr\/#website","url":"https:\/\/ybse.org.tr\/","name":"Y\u00f6netim Bili\u015fim Sistemleri Enstit\u00fcs\u00fc","description":"","publisher":{"@id":"https:\/\/ybse.org.tr\/#organization"},"potentialAction":[{"@type":"SearchAction","target":{"@type":"EntryPoint","urlTemplate":"https:\/\/ybse.org.tr\/?s={search_term_string}"},"query-input":{"@type":"PropertyValueSpecification","valueRequired":true,"valueName":"search_term_string"}}],"inLanguage":"tr"},{"@type":"Organization","@id":"https:\/\/ybse.org.tr\/#organization","name":"Y\u00f6netim Bili\u015fim Sistemleri Enstit\u00fcs\u00fc","url":"https:\/\/ybse.org.tr\/","logo":{"@type":"ImageObject","inLanguage":"tr","@id":"https:\/\/ybse.org.tr\/#\/schema\/logo\/image\/","url":"https:\/\/ybse.org.tr\/wp-content\/uploads\/2025\/04\/cropped-YBSE_Logo-1.jpeg","contentUrl":"https:\/\/ybse.org.tr\/wp-content\/uploads\/2025\/04\/cropped-YBSE_Logo-1.jpeg","width":100,"height":100,"caption":"Y\u00f6netim Bili\u015fim Sistemleri Enstit\u00fcs\u00fc"},"image":{"@id":"https:\/\/ybse.org.tr\/#\/schema\/logo\/image\/"}}]}},"_links":{"self":[{"href":"https:\/\/ybse.org.tr\/index.php?rest_route=\/wp\/v2\/pages\/259","targetHints":{"allow":["GET"]}}],"collection":[{"href":"https:\/\/ybse.org.tr\/index.php?rest_route=\/wp\/v2\/pages"}],"about":[{"href":"https:\/\/ybse.org.tr\/index.php?rest_route=\/wp\/v2\/types\/page"}],"author":[{"embeddable":true,"href":"https:\/\/ybse.org.tr\/index.php?rest_route=\/wp\/v2\/users\/1"}],"replies":[{"embeddable":true,"href":"https:\/\/ybse.org.tr\/index.php?rest_route=%2Fwp%2Fv2%2Fcomments&post=259"}],"version-history":[{"count":4,"href":"https:\/\/ybse.org.tr\/index.php?rest_route=\/wp\/v2\/pages\/259\/revisions"}],"predecessor-version":[{"id":268,"href":"https:\/\/ybse.org.tr\/index.php?rest_route=\/wp\/v2\/pages\/259\/revisions\/268"}],"wp:attachment":[{"href":"https:\/\/ybse.org.tr\/index.php?rest_route=%2Fwp%2Fv2%2Fmedia&parent=259"}],"curies":[{"name":"wp","href":"https:\/\/api.w.org\/{rel}","templated":true}]}}