{"id":250,"date":"2025-08-01T16:48:11","date_gmt":"2025-08-01T16:48:11","guid":{"rendered":"https:\/\/ybse.org.tr\/?page_id=250"},"modified":"2025-08-03T12:29:38","modified_gmt":"2025-08-03T12:29:38","slug":"denetim-kurulu","status":"publish","type":"page","link":"https:\/\/ybse.org.tr\/?page_id=250","title":{"rendered":"Denetim Kurulu"},"content":{"rendered":"\n<p><strong><span style=\"text-decoration: underline;\">DENET\u0130M KURULU AS\u0130L<\/span><\/strong><\/p>\n\n\n\n<div class=\"wp-block-columns is-layout-flex wp-container-core-columns-is-layout-9d6595d7 wp-block-columns-is-layout-flex\">\n<div class=\"wp-block-column is-layout-flow wp-block-column-is-layout-flow\">\n<figure class=\"wp-block-image size-full\"><img loading=\"lazy\" decoding=\"async\" width=\"225\" height=\"225\" src=\"https:\/\/ybse.org.tr\/wp-content\/uploads\/2025\/08\/onur-dogan.jpeg\" alt=\"\" class=\"wp-image-251\" srcset=\"https:\/\/ybse.org.tr\/wp-content\/uploads\/2025\/08\/onur-dogan.jpeg 225w, https:\/\/ybse.org.tr\/wp-content\/uploads\/2025\/08\/onur-dogan-150x150.jpeg 150w\" sizes=\"auto, (max-width: 225px) 100vw, 225px\" \/><\/figure>\n<\/div>\n\n\n\n<div class=\"wp-block-column is-layout-flow wp-block-column-is-layout-flow\">\n<p><\/p>\n\n\n\n<p>Onur DO\u011eAN<\/p>\n\n\n\n<p>Denetim Kurulu Ba\u015fkan\u0131<\/p>\n<\/div>\n\n\n\n<div class=\"wp-block-column is-layout-flow wp-block-column-is-layout-flow\"><\/div>\n<\/div>\n\n\n\n<div class=\"wp-block-columns is-layout-flex wp-container-core-columns-is-layout-9d6595d7 wp-block-columns-is-layout-flex\">\n<div class=\"wp-block-column is-layout-flow wp-block-column-is-layout-flow\">\n<figure class=\"wp-block-image size-full\"><img loading=\"lazy\" decoding=\"async\" width=\"200\" height=\"200\" src=\"https:\/\/ybse.org.tr\/wp-content\/uploads\/2025\/08\/kutan.jpeg\" alt=\"\" class=\"wp-image-254\" srcset=\"https:\/\/ybse.org.tr\/wp-content\/uploads\/2025\/08\/kutan.jpeg 200w, https:\/\/ybse.org.tr\/wp-content\/uploads\/2025\/08\/kutan-150x150.jpeg 150w\" sizes=\"auto, (max-width: 200px) 100vw, 200px\" \/><\/figure>\n<\/div>\n\n\n\n<div class=\"wp-block-column is-layout-flow wp-block-column-is-layout-flow\">\n<p><\/p>\n\n\n\n<p>Kutan KORUYAN<\/p>\n\n\n\n<p>Denetleme Kurulu \u00dcyesi<\/p>\n<\/div>\n\n\n\n<div class=\"wp-block-column is-layout-flow wp-block-column-is-layout-flow\"><\/div>\n<\/div>\n\n\n\n<div class=\"wp-block-columns is-layout-flex wp-container-core-columns-is-layout-9d6595d7 wp-block-columns-is-layout-flex\">\n<div class=\"wp-block-column is-layout-flow wp-block-column-is-layout-flow\">\n<figure class=\"wp-block-image size-full is-resized\"><img loading=\"lazy\" decoding=\"async\" width=\"400\" height=\"400\" src=\"https:\/\/ybse.org.tr\/wp-content\/uploads\/2025\/08\/erdem-altuntas.jpeg\" alt=\"\" class=\"wp-image-255\" style=\"width:198px;height:auto\" srcset=\"https:\/\/ybse.org.tr\/wp-content\/uploads\/2025\/08\/erdem-altuntas.jpeg 400w, https:\/\/ybse.org.tr\/wp-content\/uploads\/2025\/08\/erdem-altuntas-300x300.jpeg 300w, https:\/\/ybse.org.tr\/wp-content\/uploads\/2025\/08\/erdem-altuntas-150x150.jpeg 150w\" sizes=\"auto, (max-width: 400px) 100vw, 400px\" \/><\/figure>\n<\/div>\n\n\n\n<div class=\"wp-block-column is-layout-flow wp-block-column-is-layout-flow\">\n<p><\/p>\n\n\n\n<p>Erdem ALTUNTA\u015e<\/p>\n\n\n\n<p>Denetleme Kurulu \u00dcyesi<\/p>\n<\/div>\n\n\n\n<div class=\"wp-block-column is-layout-flow wp-block-column-is-layout-flow\"><\/div>\n<\/div>\n\n\n\n<p><strong><span style=\"text-decoration: underline;\">DENET\u0130M KURULU YEDEK<\/span><\/strong><\/p>\n\n\n\n<p>\u0130brahim Kemal DEL\u0130BA\u015e<\/p>\n\n\n\n<p>Asu \u00d6ZB\u0130LG\u0130N<\/p>\n\n\n\n<p>Mustafa \u00dcNVER<\/p>\n","protected":false},"excerpt":{"rendered":"<p>DENET\u0130M KURULU AS\u0130L Onur DO\u011eAN Denetim Kurulu Ba\u015fkan\u0131 Kutan KORUYAN Denetleme Kurulu \u00dcyesi Erdem ALTUNTA\u015e Denetleme Kurulu \u00dcyesi DENET\u0130M KURULU YEDEK \u0130brahim Kemal DEL\u0130BA\u015e Asu \u00d6ZB\u0130LG\u0130N Mustafa \u00dcNVER<\/p>\n","protected":false},"author":1,"featured_media":0,"parent":0,"menu_order":0,"comment_status":"closed","ping_status":"closed","template":"","meta":{"footnotes":""},"class_list":["post-250","page","type-page","status-publish","hentry"],"yoast_head":"<!-- This site is optimized with the Yoast SEO plugin v26.8 - https:\/\/yoast.com\/product\/yoast-seo-wordpress\/ -->\n<title>Denetim Kurulu - Y\u00f6netim Bili\u015fim Sistemleri Enstit\u00fcs\u00fc<\/title>\n<meta name=\"robots\" content=\"index, follow, max-snippet:-1, max-image-preview:large, max-video-preview:-1\" \/>\n<link rel=\"canonical\" href=\"https:\/\/ybse.org.tr\/?page_id=250\" \/>\n<meta property=\"og:locale\" content=\"tr_TR\" \/>\n<meta property=\"og:type\" content=\"article\" \/>\n<meta property=\"og:title\" content=\"Denetim Kurulu - Y\u00f6netim Bili\u015fim Sistemleri Enstit\u00fcs\u00fc\" \/>\n<meta property=\"og:description\" content=\"DENET\u0130M KURULU AS\u0130L Onur DO\u011eAN Denetim Kurulu Ba\u015fkan\u0131 Kutan KORUYAN Denetleme Kurulu \u00dcyesi Erdem ALTUNTA\u015e Denetleme Kurulu \u00dcyesi DENET\u0130M KURULU YEDEK \u0130brahim Kemal DEL\u0130BA\u015e Asu \u00d6ZB\u0130LG\u0130N Mustafa \u00dcNVER\" \/>\n<meta property=\"og:url\" content=\"https:\/\/ybse.org.tr\/?page_id=250\" \/>\n<meta property=\"og:site_name\" content=\"Y\u00f6netim Bili\u015fim Sistemleri Enstit\u00fcs\u00fc\" \/>\n<meta property=\"article:modified_time\" content=\"2025-08-03T12:29:38+00:00\" \/>\n<meta property=\"og:image\" content=\"https:\/\/ybse.org.tr\/wp-content\/uploads\/2025\/08\/onur-dogan.jpeg\" \/>\n\t<meta property=\"og:image:width\" content=\"225\" \/>\n\t<meta property=\"og:image:height\" content=\"225\" \/>\n\t<meta property=\"og:image:type\" content=\"image\/jpeg\" \/>\n<meta name=\"twitter:card\" content=\"summary_large_image\" \/>\n<meta name=\"twitter:label1\" content=\"Tahmini okuma s\u00fcresi\" \/>\n\t<meta name=\"twitter:data1\" content=\"1 dakika\" \/>\n<script type=\"application\/ld+json\" class=\"yoast-schema-graph\">{\"@context\":\"https:\/\/schema.org\",\"@graph\":[{\"@type\":\"WebPage\",\"@id\":\"https:\/\/ybse.org.tr\/?page_id=250\",\"url\":\"https:\/\/ybse.org.tr\/?page_id=250\",\"name\":\"Denetim Kurulu - Y\u00f6netim Bili\u015fim Sistemleri Enstit\u00fcs\u00fc\",\"isPartOf\":{\"@id\":\"https:\/\/ybse.org.tr\/#website\"},\"primaryImageOfPage\":{\"@id\":\"https:\/\/ybse.org.tr\/?page_id=250#primaryimage\"},\"image\":{\"@id\":\"https:\/\/ybse.org.tr\/?page_id=250#primaryimage\"},\"thumbnailUrl\":\"https:\/\/ybse.org.tr\/wp-content\/uploads\/2025\/08\/onur-dogan.jpeg\",\"datePublished\":\"2025-08-01T16:48:11+00:00\",\"dateModified\":\"2025-08-03T12:29:38+00:00\",\"breadcrumb\":{\"@id\":\"https:\/\/ybse.org.tr\/?page_id=250#breadcrumb\"},\"inLanguage\":\"tr\",\"potentialAction\":[{\"@type\":\"ReadAction\",\"target\":[\"https:\/\/ybse.org.tr\/?page_id=250\"]}]},{\"@type\":\"ImageObject\",\"inLanguage\":\"tr\",\"@id\":\"https:\/\/ybse.org.tr\/?page_id=250#primaryimage\",\"url\":\"https:\/\/ybse.org.tr\/wp-content\/uploads\/2025\/08\/onur-dogan.jpeg\",\"contentUrl\":\"https:\/\/ybse.org.tr\/wp-content\/uploads\/2025\/08\/onur-dogan.jpeg\",\"width\":225,\"height\":225},{\"@type\":\"BreadcrumbList\",\"@id\":\"https:\/\/ybse.org.tr\/?page_id=250#breadcrumb\",\"itemListElement\":[{\"@type\":\"ListItem\",\"position\":1,\"name\":\"Anasayfa\",\"item\":\"https:\/\/ybse.org.tr\/?page_id=102\"},{\"@type\":\"ListItem\",\"position\":2,\"name\":\"Denetim Kurulu\"}]},{\"@type\":\"WebSite\",\"@id\":\"https:\/\/ybse.org.tr\/#website\",\"url\":\"https:\/\/ybse.org.tr\/\",\"name\":\"Y\u00f6netim Bili\u015fim Sistemleri Enstit\u00fcs\u00fc\",\"description\":\"\",\"publisher\":{\"@id\":\"https:\/\/ybse.org.tr\/#organization\"},\"potentialAction\":[{\"@type\":\"SearchAction\",\"target\":{\"@type\":\"EntryPoint\",\"urlTemplate\":\"https:\/\/ybse.org.tr\/?s={search_term_string}\"},\"query-input\":{\"@type\":\"PropertyValueSpecification\",\"valueRequired\":true,\"valueName\":\"search_term_string\"}}],\"inLanguage\":\"tr\"},{\"@type\":\"Organization\",\"@id\":\"https:\/\/ybse.org.tr\/#organization\",\"name\":\"Y\u00f6netim Bili\u015fim Sistemleri Enstit\u00fcs\u00fc\",\"url\":\"https:\/\/ybse.org.tr\/\",\"logo\":{\"@type\":\"ImageObject\",\"inLanguage\":\"tr\",\"@id\":\"https:\/\/ybse.org.tr\/#\/schema\/logo\/image\/\",\"url\":\"https:\/\/ybse.org.tr\/wp-content\/uploads\/2025\/04\/cropped-YBSE_Logo-1.jpeg\",\"contentUrl\":\"https:\/\/ybse.org.tr\/wp-content\/uploads\/2025\/04\/cropped-YBSE_Logo-1.jpeg\",\"width\":100,\"height\":100,\"caption\":\"Y\u00f6netim Bili\u015fim Sistemleri Enstit\u00fcs\u00fc\"},\"image\":{\"@id\":\"https:\/\/ybse.org.tr\/#\/schema\/logo\/image\/\"}}]}<\/script>\n<!-- \/ Yoast SEO plugin. -->","yoast_head_json":{"title":"Denetim Kurulu - Y\u00f6netim Bili\u015fim Sistemleri Enstit\u00fcs\u00fc","robots":{"index":"index","follow":"follow","max-snippet":"max-snippet:-1","max-image-preview":"max-image-preview:large","max-video-preview":"max-video-preview:-1"},"canonical":"https:\/\/ybse.org.tr\/?page_id=250","og_locale":"tr_TR","og_type":"article","og_title":"Denetim Kurulu - Y\u00f6netim Bili\u015fim Sistemleri Enstit\u00fcs\u00fc","og_description":"DENET\u0130M KURULU AS\u0130L Onur DO\u011eAN Denetim Kurulu Ba\u015fkan\u0131 Kutan KORUYAN Denetleme Kurulu \u00dcyesi Erdem ALTUNTA\u015e Denetleme Kurulu \u00dcyesi DENET\u0130M KURULU YEDEK \u0130brahim Kemal DEL\u0130BA\u015e Asu \u00d6ZB\u0130LG\u0130N Mustafa \u00dcNVER","og_url":"https:\/\/ybse.org.tr\/?page_id=250","og_site_name":"Y\u00f6netim Bili\u015fim Sistemleri Enstit\u00fcs\u00fc","article_modified_time":"2025-08-03T12:29:38+00:00","og_image":[{"width":225,"height":225,"url":"https:\/\/ybse.org.tr\/wp-content\/uploads\/2025\/08\/onur-dogan.jpeg","type":"image\/jpeg"}],"twitter_card":"summary_large_image","twitter_misc":{"Tahmini okuma s\u00fcresi":"1 dakika"},"schema":{"@context":"https:\/\/schema.org","@graph":[{"@type":"WebPage","@id":"https:\/\/ybse.org.tr\/?page_id=250","url":"https:\/\/ybse.org.tr\/?page_id=250","name":"Denetim Kurulu - Y\u00f6netim Bili\u015fim Sistemleri Enstit\u00fcs\u00fc","isPartOf":{"@id":"https:\/\/ybse.org.tr\/#website"},"primaryImageOfPage":{"@id":"https:\/\/ybse.org.tr\/?page_id=250#primaryimage"},"image":{"@id":"https:\/\/ybse.org.tr\/?page_id=250#primaryimage"},"thumbnailUrl":"https:\/\/ybse.org.tr\/wp-content\/uploads\/2025\/08\/onur-dogan.jpeg","datePublished":"2025-08-01T16:48:11+00:00","dateModified":"2025-08-03T12:29:38+00:00","breadcrumb":{"@id":"https:\/\/ybse.org.tr\/?page_id=250#breadcrumb"},"inLanguage":"tr","potentialAction":[{"@type":"ReadAction","target":["https:\/\/ybse.org.tr\/?page_id=250"]}]},{"@type":"ImageObject","inLanguage":"tr","@id":"https:\/\/ybse.org.tr\/?page_id=250#primaryimage","url":"https:\/\/ybse.org.tr\/wp-content\/uploads\/2025\/08\/onur-dogan.jpeg","contentUrl":"https:\/\/ybse.org.tr\/wp-content\/uploads\/2025\/08\/onur-dogan.jpeg","width":225,"height":225},{"@type":"BreadcrumbList","@id":"https:\/\/ybse.org.tr\/?page_id=250#breadcrumb","itemListElement":[{"@type":"ListItem","position":1,"name":"Anasayfa","item":"https:\/\/ybse.org.tr\/?page_id=102"},{"@type":"ListItem","position":2,"name":"Denetim Kurulu"}]},{"@type":"WebSite","@id":"https:\/\/ybse.org.tr\/#website","url":"https:\/\/ybse.org.tr\/","name":"Y\u00f6netim Bili\u015fim Sistemleri Enstit\u00fcs\u00fc","description":"","publisher":{"@id":"https:\/\/ybse.org.tr\/#organization"},"potentialAction":[{"@type":"SearchAction","target":{"@type":"EntryPoint","urlTemplate":"https:\/\/ybse.org.tr\/?s={search_term_string}"},"query-input":{"@type":"PropertyValueSpecification","valueRequired":true,"valueName":"search_term_string"}}],"inLanguage":"tr"},{"@type":"Organization","@id":"https:\/\/ybse.org.tr\/#organization","name":"Y\u00f6netim Bili\u015fim Sistemleri Enstit\u00fcs\u00fc","url":"https:\/\/ybse.org.tr\/","logo":{"@type":"ImageObject","inLanguage":"tr","@id":"https:\/\/ybse.org.tr\/#\/schema\/logo\/image\/","url":"https:\/\/ybse.org.tr\/wp-content\/uploads\/2025\/04\/cropped-YBSE_Logo-1.jpeg","contentUrl":"https:\/\/ybse.org.tr\/wp-content\/uploads\/2025\/04\/cropped-YBSE_Logo-1.jpeg","width":100,"height":100,"caption":"Y\u00f6netim Bili\u015fim Sistemleri Enstit\u00fcs\u00fc"},"image":{"@id":"https:\/\/ybse.org.tr\/#\/schema\/logo\/image\/"}}]}},"_links":{"self":[{"href":"https:\/\/ybse.org.tr\/index.php?rest_route=\/wp\/v2\/pages\/250","targetHints":{"allow":["GET"]}}],"collection":[{"href":"https:\/\/ybse.org.tr\/index.php?rest_route=\/wp\/v2\/pages"}],"about":[{"href":"https:\/\/ybse.org.tr\/index.php?rest_route=\/wp\/v2\/types\/page"}],"author":[{"embeddable":true,"href":"https:\/\/ybse.org.tr\/index.php?rest_route=\/wp\/v2\/users\/1"}],"replies":[{"embeddable":true,"href":"https:\/\/ybse.org.tr\/index.php?rest_route=%2Fwp%2Fv2%2Fcomments&post=250"}],"version-history":[{"count":2,"href":"https:\/\/ybse.org.tr\/index.php?rest_route=\/wp\/v2\/pages\/250\/revisions"}],"predecessor-version":[{"id":258,"href":"https:\/\/ybse.org.tr\/index.php?rest_route=\/wp\/v2\/pages\/250\/revisions\/258"}],"wp:attachment":[{"href":"https:\/\/ybse.org.tr\/index.php?rest_route=%2Fwp%2Fv2%2Fmedia&parent=250"}],"curies":[{"name":"wp","href":"https:\/\/api.w.org\/{rel}","templated":true}]}}