{"id":231,"date":"2025-08-01T16:06:20","date_gmt":"2025-08-01T16:06:20","guid":{"rendered":"https:\/\/ybse.org.tr\/?page_id=231"},"modified":"2025-08-03T12:22:29","modified_gmt":"2025-08-03T12:22:29","slug":"yonetim-kurulu","status":"publish","type":"page","link":"https:\/\/ybse.org.tr\/?page_id=231","title":{"rendered":"Y\u00f6netim Kurulu"},"content":{"rendered":"\n<p><strong><span style=\"text-decoration: underline;\">Y\u00d6NET\u0130M KURULU AS\u0130L<\/span><\/strong><\/p>\n\n\n\n<div class=\"wp-block-columns is-layout-flex wp-container-core-columns-is-layout-9d6595d7 wp-block-columns-is-layout-flex\">\n<div class=\"wp-block-column is-layout-flow wp-block-column-is-layout-flow\">\n<figure class=\"wp-block-image size-large is-resized\"><img loading=\"lazy\" decoding=\"async\" width=\"887\" height=\"1024\" src=\"https:\/\/ybse.org.tr\/wp-content\/uploads\/2025\/08\/Vahap45-2-887x1024.jpg\" alt=\"\" class=\"wp-image-236\" style=\"width:200px;height:auto\" srcset=\"https:\/\/ybse.org.tr\/wp-content\/uploads\/2025\/08\/Vahap45-2-887x1024.jpg 887w, https:\/\/ybse.org.tr\/wp-content\/uploads\/2025\/08\/Vahap45-2-260x300.jpg 260w, https:\/\/ybse.org.tr\/wp-content\/uploads\/2025\/08\/Vahap45-2-768x886.jpg 768w, https:\/\/ybse.org.tr\/wp-content\/uploads\/2025\/08\/Vahap45-2-1331x1536.jpg 1331w, https:\/\/ybse.org.tr\/wp-content\/uploads\/2025\/08\/Vahap45-2-1775x2048.jpg 1775w\" sizes=\"auto, (max-width: 887px) 100vw, 887px\" \/><\/figure>\n<\/div>\n\n\n\n<div class=\"wp-block-column is-layout-flow wp-block-column-is-layout-flow\">\n<p><\/p>\n\n\n\n<p><strong>VAHAP TEC\u0130M<\/strong><\/p>\n\n\n\n<p>Y\u00f6netim Kurulu Ba\u015fkan\u0131<\/p>\n<\/div>\n\n\n\n<div class=\"wp-block-column is-layout-flow wp-block-column-is-layout-flow\"><\/div>\n<\/div>\n\n\n\n<div class=\"wp-block-columns is-layout-flex wp-container-core-columns-is-layout-9d6595d7 wp-block-columns-is-layout-flex\">\n<div class=\"wp-block-column is-layout-flow wp-block-column-is-layout-flow\">\n<figure class=\"wp-block-image size-full is-resized\"><img loading=\"lazy\" decoding=\"async\" width=\"190\" height=\"262\" src=\"https:\/\/ybse.org.tr\/wp-content\/uploads\/2025\/08\/izzet-gokna-1.png\" alt=\"\" class=\"wp-image-237\" style=\"width:176px;height:auto\"\/><\/figure>\n<\/div>\n\n\n\n<div class=\"wp-block-column is-layout-flow wp-block-column-is-layout-flow\">\n<p><\/p>\n\n\n\n<p><strong>\u0130zzet G\u00f6khan \u00d6ZB\u0130LG\u0130N<\/strong><\/p>\n\n\n\n<p>Y\u00f6netim Kurulu Ba\u015fkan Yard\u0131mc\u0131s\u0131<\/p>\n<\/div>\n\n\n\n<div class=\"wp-block-column is-layout-flow wp-block-column-is-layout-flow\"><\/div>\n<\/div>\n\n\n\n<div class=\"wp-block-columns is-layout-flex wp-container-core-columns-is-layout-9d6595d7 wp-block-columns-is-layout-flex\">\n<div class=\"wp-block-column is-layout-flow wp-block-column-is-layout-flow\">\n<div class=\"wp-block-columns is-layout-flex wp-container-core-columns-is-layout-9d6595d7 wp-block-columns-is-layout-flex\">\n<div class=\"wp-block-column is-layout-flow wp-block-column-is-layout-flow\">\n<figure class=\"wp-block-image size-full is-resized\"><img loading=\"lazy\" decoding=\"async\" width=\"372\" height=\"372\" src=\"https:\/\/ybse.org.tr\/wp-content\/uploads\/2025\/08\/Murat-Komesli-2.png\" alt=\"\" class=\"wp-image-238\" style=\"width:191px;height:auto\" srcset=\"https:\/\/ybse.org.tr\/wp-content\/uploads\/2025\/08\/Murat-Komesli-2.png 372w, https:\/\/ybse.org.tr\/wp-content\/uploads\/2025\/08\/Murat-Komesli-2-300x300.png 300w, https:\/\/ybse.org.tr\/wp-content\/uploads\/2025\/08\/Murat-Komesli-2-150x150.png 150w\" sizes=\"auto, (max-width: 372px) 100vw, 372px\" \/><\/figure>\n<\/div>\n\n\n\n<div class=\"wp-block-column is-layout-flow wp-block-column-is-layout-flow\">\n<p><\/p>\n\n\n\n<p><strong>Murat KOMESL\u0130<\/strong><\/p>\n\n\n\n<p>Genel Sekreter<\/p>\n<\/div>\n\n\n\n<div class=\"wp-block-column is-layout-flow wp-block-column-is-layout-flow\"><\/div>\n<\/div>\n<\/div>\n<\/div>\n\n\n\n<div class=\"wp-block-columns is-layout-flex wp-container-core-columns-is-layout-9d6595d7 wp-block-columns-is-layout-flex\">\n<div class=\"wp-block-column is-layout-flow wp-block-column-is-layout-flow\">\n<figure class=\"wp-block-image size-full is-resized\"><img loading=\"lazy\" decoding=\"async\" width=\"512\" height=\"426\" src=\"https:\/\/ybse.org.tr\/wp-content\/uploads\/2025\/08\/hakan-asan.jpg\" alt=\"\" class=\"wp-image-239\" style=\"width:202px;height:auto\" srcset=\"https:\/\/ybse.org.tr\/wp-content\/uploads\/2025\/08\/hakan-asan.jpg 512w, https:\/\/ybse.org.tr\/wp-content\/uploads\/2025\/08\/hakan-asan-300x250.jpg 300w\" sizes=\"auto, (max-width: 512px) 100vw, 512px\" \/><\/figure>\n<\/div>\n\n\n\n<div class=\"wp-block-column is-layout-flow wp-block-column-is-layout-flow\">\n<p><\/p>\n\n\n\n<p><strong>Hakan A\u015eAN<\/strong><\/p>\n\n\n\n<p>Sayman<\/p>\n<\/div>\n\n\n\n<div class=\"wp-block-column is-layout-flow wp-block-column-is-layout-flow\"><\/div>\n<\/div>\n\n\n\n<div class=\"wp-block-columns is-layout-flex wp-container-core-columns-is-layout-9d6595d7 wp-block-columns-is-layout-flex\">\n<div class=\"wp-block-column is-layout-flow wp-block-column-is-layout-flow\">\n<figure class=\"wp-block-image size-full is-resized\"><img loading=\"lazy\" decoding=\"async\" width=\"512\" height=\"512\" src=\"https:\/\/ybse.org.tr\/wp-content\/uploads\/2025\/08\/Mert-Doenercark.webp\" alt=\"\" class=\"wp-image-242\" style=\"width:210px;height:auto\" srcset=\"https:\/\/ybse.org.tr\/wp-content\/uploads\/2025\/08\/Mert-Doenercark.webp 512w, https:\/\/ybse.org.tr\/wp-content\/uploads\/2025\/08\/Mert-Doenercark-300x300.webp 300w, https:\/\/ybse.org.tr\/wp-content\/uploads\/2025\/08\/Mert-Doenercark-150x150.webp 150w\" sizes=\"auto, (max-width: 512px) 100vw, 512px\" \/><\/figure>\n<\/div>\n\n\n\n<div class=\"wp-block-column is-layout-flow wp-block-column-is-layout-flow\">\n<p><\/p>\n\n\n\n<p>Mert D\u00d6NER\u00c7ARK<\/p>\n\n\n\n<p>Y\u00f6netim Kurulu \u00dcyesi<\/p>\n<\/div>\n\n\n\n<div class=\"wp-block-column is-layout-flow wp-block-column-is-layout-flow\"><\/div>\n<\/div>\n\n\n\n<div class=\"wp-block-columns is-layout-flex wp-container-core-columns-is-layout-9d6595d7 wp-block-columns-is-layout-flex\">\n<div class=\"wp-block-column is-layout-flow wp-block-column-is-layout-flow\">\n<figure class=\"wp-block-image size-full is-resized\"><img loading=\"lazy\" decoding=\"async\" width=\"192\" height=\"192\" src=\"https:\/\/ybse.org.tr\/wp-content\/uploads\/2025\/08\/recep-benzer.jpeg\" alt=\"\" class=\"wp-image-243\" style=\"width:214px;height:auto\" srcset=\"https:\/\/ybse.org.tr\/wp-content\/uploads\/2025\/08\/recep-benzer.jpeg 192w, https:\/\/ybse.org.tr\/wp-content\/uploads\/2025\/08\/recep-benzer-150x150.jpeg 150w\" sizes=\"auto, (max-width: 192px) 100vw, 192px\" \/><\/figure>\n<\/div>\n\n\n\n<div class=\"wp-block-column is-layout-flow wp-block-column-is-layout-flow\">\n<p><\/p>\n\n\n\n<p>Recep BENZER<\/p>\n\n\n\n<p>Y\u00f6netim Kurulu \u00dcyesi<\/p>\n<\/div>\n\n\n\n<div class=\"wp-block-column is-layout-flow wp-block-column-is-layout-flow\"><\/div>\n<\/div>\n\n\n\n<div class=\"wp-block-columns is-layout-flex wp-container-core-columns-is-layout-9d6595d7 wp-block-columns-is-layout-flex\">\n<div class=\"wp-block-column is-layout-flow wp-block-column-is-layout-flow\">\n<figure class=\"wp-block-image size-full\"><img loading=\"lazy\" decoding=\"async\" width=\"216\" height=\"274\" src=\"https:\/\/ybse.org.tr\/wp-content\/uploads\/2025\/08\/can-aydin.jpg\" alt=\"\" class=\"wp-image-244\"\/><\/figure>\n<\/div>\n\n\n\n<div class=\"wp-block-column is-layout-flow wp-block-column-is-layout-flow\">\n<p><\/p>\n\n\n\n<p>Can AYDIN<\/p>\n\n\n\n<p>Y\u00f6netim Kurulu \u00dcyesi<\/p>\n<\/div>\n\n\n\n<div class=\"wp-block-column is-layout-flow wp-block-column-is-layout-flow\"><\/div>\n<\/div>\n\n\n\n<p><\/p>\n\n\n\n<p><strong><span style=\"text-decoration: underline;\"><strong><span style=\"text-decoration: underline;\">Y\u00d6NET\u0130M KURULU YEDEK<\/span><\/strong><\/span><\/strong><\/p>\n\n\n\n<p>Mustafa YURTSEVER<\/p>\n\n\n\n<p>Merve Hatice KARATA\u015e<\/p>\n\n\n\n<p>Ejder AY\u00c7\u0130N<\/p>\n\n\n\n<p>Ece \u00d6zge EK\u0130NC\u0130<\/p>\n\n\n\n<p>Nadir GURBANOV<\/p>\n\n\n\n<p>Emre KARAG\u00d6Z<\/p>\n\n\n\n<p>Cem YILDIZ<\/p>\n","protected":false},"excerpt":{"rendered":"<p>Y\u00d6NET\u0130M KURULU AS\u0130L VAHAP TEC\u0130M Y\u00f6netim Kurulu Ba\u015fkan\u0131 \u0130zzet G\u00f6khan \u00d6ZB\u0130LG\u0130N Y\u00f6netim Kurulu Ba\u015fkan Yard\u0131mc\u0131s\u0131 Murat KOMESL\u0130 Genel Sekreter Hakan A\u015eAN Sayman Mert D\u00d6NER\u00c7ARK Y\u00f6netim Kurulu \u00dcyesi Recep BENZER Y\u00f6netim Kurulu \u00dcyesi Can AYDIN Y\u00f6netim Kurulu \u00dcyesi Y\u00d6NET\u0130M KURULU YEDEK Mustafa YURTSEVER Merve Hatice KARATA\u015e Ejder AY\u00c7\u0130N Ece \u00d6zge EK\u0130NC\u0130 Nadir GURBANOV Emre KARAG\u00d6Z Cem [&hellip;]<\/p>\n","protected":false},"author":1,"featured_media":0,"parent":0,"menu_order":0,"comment_status":"closed","ping_status":"closed","template":"","meta":{"footnotes":""},"class_list":["post-231","page","type-page","status-publish","hentry"],"yoast_head":"<!-- This site is optimized with the Yoast SEO plugin v26.8 - https:\/\/yoast.com\/product\/yoast-seo-wordpress\/ -->\n<title>Y\u00f6netim Kurulu - Y\u00f6netim Bili\u015fim Sistemleri Enstit\u00fcs\u00fc<\/title>\n<meta name=\"robots\" content=\"index, follow, max-snippet:-1, max-image-preview:large, max-video-preview:-1\" \/>\n<link rel=\"canonical\" href=\"https:\/\/ybse.org.tr\/?page_id=231\" \/>\n<meta property=\"og:locale\" content=\"tr_TR\" \/>\n<meta property=\"og:type\" content=\"article\" \/>\n<meta property=\"og:title\" content=\"Y\u00f6netim Kurulu - Y\u00f6netim Bili\u015fim Sistemleri Enstit\u00fcs\u00fc\" \/>\n<meta property=\"og:description\" content=\"Y\u00d6NET\u0130M KURULU AS\u0130L VAHAP TEC\u0130M Y\u00f6netim Kurulu Ba\u015fkan\u0131 \u0130zzet G\u00f6khan \u00d6ZB\u0130LG\u0130N Y\u00f6netim Kurulu Ba\u015fkan Yard\u0131mc\u0131s\u0131 Murat KOMESL\u0130 Genel Sekreter Hakan A\u015eAN Sayman Mert D\u00d6NER\u00c7ARK Y\u00f6netim Kurulu \u00dcyesi Recep BENZER Y\u00f6netim Kurulu \u00dcyesi Can AYDIN Y\u00f6netim Kurulu \u00dcyesi Y\u00d6NET\u0130M KURULU YEDEK Mustafa YURTSEVER Merve Hatice KARATA\u015e Ejder AY\u00c7\u0130N Ece \u00d6zge EK\u0130NC\u0130 Nadir GURBANOV Emre KARAG\u00d6Z Cem [&hellip;]\" \/>\n<meta property=\"og:url\" content=\"https:\/\/ybse.org.tr\/?page_id=231\" \/>\n<meta property=\"og:site_name\" content=\"Y\u00f6netim Bili\u015fim Sistemleri Enstit\u00fcs\u00fc\" \/>\n<meta property=\"article:modified_time\" content=\"2025-08-03T12:22:29+00:00\" \/>\n<meta property=\"og:image\" content=\"https:\/\/ybse.org.tr\/wp-content\/uploads\/2025\/08\/Vahap45-2-scaled.jpg\" \/>\n\t<meta property=\"og:image:width\" content=\"2219\" \/>\n\t<meta property=\"og:image:height\" content=\"2560\" \/>\n\t<meta property=\"og:image:type\" content=\"image\/jpeg\" \/>\n<meta name=\"twitter:card\" content=\"summary_large_image\" \/>\n<meta name=\"twitter:label1\" content=\"Tahmini okuma s\u00fcresi\" \/>\n\t<meta name=\"twitter:data1\" content=\"2 dakika\" \/>\n<script type=\"application\/ld+json\" class=\"yoast-schema-graph\">{\"@context\":\"https:\/\/schema.org\",\"@graph\":[{\"@type\":\"WebPage\",\"@id\":\"https:\/\/ybse.org.tr\/?page_id=231\",\"url\":\"https:\/\/ybse.org.tr\/?page_id=231\",\"name\":\"Y\u00f6netim Kurulu - Y\u00f6netim Bili\u015fim Sistemleri Enstit\u00fcs\u00fc\",\"isPartOf\":{\"@id\":\"https:\/\/ybse.org.tr\/#website\"},\"primaryImageOfPage\":{\"@id\":\"https:\/\/ybse.org.tr\/?page_id=231#primaryimage\"},\"image\":{\"@id\":\"https:\/\/ybse.org.tr\/?page_id=231#primaryimage\"},\"thumbnailUrl\":\"https:\/\/ybse.org.tr\/wp-content\/uploads\/2025\/08\/Vahap45-2-887x1024.jpg\",\"datePublished\":\"2025-08-01T16:06:20+00:00\",\"dateModified\":\"2025-08-03T12:22:29+00:00\",\"breadcrumb\":{\"@id\":\"https:\/\/ybse.org.tr\/?page_id=231#breadcrumb\"},\"inLanguage\":\"tr\",\"potentialAction\":[{\"@type\":\"ReadAction\",\"target\":[\"https:\/\/ybse.org.tr\/?page_id=231\"]}]},{\"@type\":\"ImageObject\",\"inLanguage\":\"tr\",\"@id\":\"https:\/\/ybse.org.tr\/?page_id=231#primaryimage\",\"url\":\"https:\/\/ybse.org.tr\/wp-content\/uploads\/2025\/08\/Vahap45-2-scaled.jpg\",\"contentUrl\":\"https:\/\/ybse.org.tr\/wp-content\/uploads\/2025\/08\/Vahap45-2-scaled.jpg\",\"width\":2219,\"height\":2560},{\"@type\":\"BreadcrumbList\",\"@id\":\"https:\/\/ybse.org.tr\/?page_id=231#breadcrumb\",\"itemListElement\":[{\"@type\":\"ListItem\",\"position\":1,\"name\":\"Anasayfa\",\"item\":\"https:\/\/ybse.org.tr\/?page_id=102\"},{\"@type\":\"ListItem\",\"position\":2,\"name\":\"Y\u00f6netim Kurulu\"}]},{\"@type\":\"WebSite\",\"@id\":\"https:\/\/ybse.org.tr\/#website\",\"url\":\"https:\/\/ybse.org.tr\/\",\"name\":\"Y\u00f6netim Bili\u015fim Sistemleri Enstit\u00fcs\u00fc\",\"description\":\"\",\"publisher\":{\"@id\":\"https:\/\/ybse.org.tr\/#organization\"},\"potentialAction\":[{\"@type\":\"SearchAction\",\"target\":{\"@type\":\"EntryPoint\",\"urlTemplate\":\"https:\/\/ybse.org.tr\/?s={search_term_string}\"},\"query-input\":{\"@type\":\"PropertyValueSpecification\",\"valueRequired\":true,\"valueName\":\"search_term_string\"}}],\"inLanguage\":\"tr\"},{\"@type\":\"Organization\",\"@id\":\"https:\/\/ybse.org.tr\/#organization\",\"name\":\"Y\u00f6netim Bili\u015fim Sistemleri Enstit\u00fcs\u00fc\",\"url\":\"https:\/\/ybse.org.tr\/\",\"logo\":{\"@type\":\"ImageObject\",\"inLanguage\":\"tr\",\"@id\":\"https:\/\/ybse.org.tr\/#\/schema\/logo\/image\/\",\"url\":\"https:\/\/ybse.org.tr\/wp-content\/uploads\/2025\/04\/cropped-YBSE_Logo-1.jpeg\",\"contentUrl\":\"https:\/\/ybse.org.tr\/wp-content\/uploads\/2025\/04\/cropped-YBSE_Logo-1.jpeg\",\"width\":100,\"height\":100,\"caption\":\"Y\u00f6netim Bili\u015fim Sistemleri Enstit\u00fcs\u00fc\"},\"image\":{\"@id\":\"https:\/\/ybse.org.tr\/#\/schema\/logo\/image\/\"}}]}<\/script>\n<!-- \/ Yoast SEO plugin. -->","yoast_head_json":{"title":"Y\u00f6netim Kurulu - Y\u00f6netim Bili\u015fim Sistemleri Enstit\u00fcs\u00fc","robots":{"index":"index","follow":"follow","max-snippet":"max-snippet:-1","max-image-preview":"max-image-preview:large","max-video-preview":"max-video-preview:-1"},"canonical":"https:\/\/ybse.org.tr\/?page_id=231","og_locale":"tr_TR","og_type":"article","og_title":"Y\u00f6netim Kurulu - Y\u00f6netim Bili\u015fim Sistemleri Enstit\u00fcs\u00fc","og_description":"Y\u00d6NET\u0130M KURULU AS\u0130L VAHAP TEC\u0130M Y\u00f6netim Kurulu Ba\u015fkan\u0131 \u0130zzet G\u00f6khan \u00d6ZB\u0130LG\u0130N Y\u00f6netim Kurulu Ba\u015fkan Yard\u0131mc\u0131s\u0131 Murat KOMESL\u0130 Genel Sekreter Hakan A\u015eAN Sayman Mert D\u00d6NER\u00c7ARK Y\u00f6netim Kurulu \u00dcyesi Recep BENZER Y\u00f6netim Kurulu \u00dcyesi Can AYDIN Y\u00f6netim Kurulu \u00dcyesi Y\u00d6NET\u0130M KURULU YEDEK Mustafa YURTSEVER Merve Hatice KARATA\u015e Ejder AY\u00c7\u0130N Ece \u00d6zge EK\u0130NC\u0130 Nadir GURBANOV Emre KARAG\u00d6Z Cem [&hellip;]","og_url":"https:\/\/ybse.org.tr\/?page_id=231","og_site_name":"Y\u00f6netim Bili\u015fim Sistemleri Enstit\u00fcs\u00fc","article_modified_time":"2025-08-03T12:22:29+00:00","og_image":[{"width":2219,"height":2560,"url":"https:\/\/ybse.org.tr\/wp-content\/uploads\/2025\/08\/Vahap45-2-scaled.jpg","type":"image\/jpeg"}],"twitter_card":"summary_large_image","twitter_misc":{"Tahmini okuma s\u00fcresi":"2 dakika"},"schema":{"@context":"https:\/\/schema.org","@graph":[{"@type":"WebPage","@id":"https:\/\/ybse.org.tr\/?page_id=231","url":"https:\/\/ybse.org.tr\/?page_id=231","name":"Y\u00f6netim Kurulu - Y\u00f6netim Bili\u015fim Sistemleri Enstit\u00fcs\u00fc","isPartOf":{"@id":"https:\/\/ybse.org.tr\/#website"},"primaryImageOfPage":{"@id":"https:\/\/ybse.org.tr\/?page_id=231#primaryimage"},"image":{"@id":"https:\/\/ybse.org.tr\/?page_id=231#primaryimage"},"thumbnailUrl":"https:\/\/ybse.org.tr\/wp-content\/uploads\/2025\/08\/Vahap45-2-887x1024.jpg","datePublished":"2025-08-01T16:06:20+00:00","dateModified":"2025-08-03T12:22:29+00:00","breadcrumb":{"@id":"https:\/\/ybse.org.tr\/?page_id=231#breadcrumb"},"inLanguage":"tr","potentialAction":[{"@type":"ReadAction","target":["https:\/\/ybse.org.tr\/?page_id=231"]}]},{"@type":"ImageObject","inLanguage":"tr","@id":"https:\/\/ybse.org.tr\/?page_id=231#primaryimage","url":"https:\/\/ybse.org.tr\/wp-content\/uploads\/2025\/08\/Vahap45-2-scaled.jpg","contentUrl":"https:\/\/ybse.org.tr\/wp-content\/uploads\/2025\/08\/Vahap45-2-scaled.jpg","width":2219,"height":2560},{"@type":"BreadcrumbList","@id":"https:\/\/ybse.org.tr\/?page_id=231#breadcrumb","itemListElement":[{"@type":"ListItem","position":1,"name":"Anasayfa","item":"https:\/\/ybse.org.tr\/?page_id=102"},{"@type":"ListItem","position":2,"name":"Y\u00f6netim Kurulu"}]},{"@type":"WebSite","@id":"https:\/\/ybse.org.tr\/#website","url":"https:\/\/ybse.org.tr\/","name":"Y\u00f6netim Bili\u015fim Sistemleri Enstit\u00fcs\u00fc","description":"","publisher":{"@id":"https:\/\/ybse.org.tr\/#organization"},"potentialAction":[{"@type":"SearchAction","target":{"@type":"EntryPoint","urlTemplate":"https:\/\/ybse.org.tr\/?s={search_term_string}"},"query-input":{"@type":"PropertyValueSpecification","valueRequired":true,"valueName":"search_term_string"}}],"inLanguage":"tr"},{"@type":"Organization","@id":"https:\/\/ybse.org.tr\/#organization","name":"Y\u00f6netim Bili\u015fim Sistemleri Enstit\u00fcs\u00fc","url":"https:\/\/ybse.org.tr\/","logo":{"@type":"ImageObject","inLanguage":"tr","@id":"https:\/\/ybse.org.tr\/#\/schema\/logo\/image\/","url":"https:\/\/ybse.org.tr\/wp-content\/uploads\/2025\/04\/cropped-YBSE_Logo-1.jpeg","contentUrl":"https:\/\/ybse.org.tr\/wp-content\/uploads\/2025\/04\/cropped-YBSE_Logo-1.jpeg","width":100,"height":100,"caption":"Y\u00f6netim Bili\u015fim Sistemleri Enstit\u00fcs\u00fc"},"image":{"@id":"https:\/\/ybse.org.tr\/#\/schema\/logo\/image\/"}}]}},"_links":{"self":[{"href":"https:\/\/ybse.org.tr\/index.php?rest_route=\/wp\/v2\/pages\/231","targetHints":{"allow":["GET"]}}],"collection":[{"href":"https:\/\/ybse.org.tr\/index.php?rest_route=\/wp\/v2\/pages"}],"about":[{"href":"https:\/\/ybse.org.tr\/index.php?rest_route=\/wp\/v2\/types\/page"}],"author":[{"embeddable":true,"href":"https:\/\/ybse.org.tr\/index.php?rest_route=\/wp\/v2\/users\/1"}],"replies":[{"embeddable":true,"href":"https:\/\/ybse.org.tr\/index.php?rest_route=%2Fwp%2Fv2%2Fcomments&post=231"}],"version-history":[{"count":6,"href":"https:\/\/ybse.org.tr\/index.php?rest_route=\/wp\/v2\/pages\/231\/revisions"}],"predecessor-version":[{"id":257,"href":"https:\/\/ybse.org.tr\/index.php?rest_route=\/wp\/v2\/pages\/231\/revisions\/257"}],"wp:attachment":[{"href":"https:\/\/ybse.org.tr\/index.php?rest_route=%2Fwp%2Fv2%2Fmedia&parent=231"}],"curies":[{"name":"wp","href":"https:\/\/api.w.org\/{rel}","templated":true}]}}