{"id":224,"date":"2025-06-11T20:48:58","date_gmt":"2025-06-11T20:48:58","guid":{"rendered":"https:\/\/ybse.org.tr\/?page_id=224"},"modified":"2025-06-11T20:51:21","modified_gmt":"2025-06-11T20:51:21","slug":"genel-kurul-cagrisi","status":"publish","type":"page","link":"https:\/\/ybse.org.tr\/?page_id=224","title":{"rendered":"Genel Kurul \u00c7a\u011fr\u0131s\u0131"},"content":{"rendered":"\n<p>Y\u00f6netim ve Bili\u015fim Sistemleri Derne\u011fi Genel Kurul \u00c7a\u011fr\u0131s\u0131<\/p>\n\n\n\n<p>Y\u00f6netim ve Bili\u015fim Sistemleri Derne\u011fi ilk ola\u011fan genel kurulunu <strong>13 Haziran 2025 Cuma g\u00fcn\u00fc saat 14:30 <\/strong>da Dernek Merkezinde yapacakt\u0131r.<\/p>\n\n\n\n<p>13 Haziran 2025 tarihinde yeterli \u00e7o\u011funlu\u011fun sa\u011flanamamas\u0131 durumunda genel kurul <strong>20 Haziran 2025 Cuma g\u00fcn\u00fc saat 14:30<\/strong> da Dernek Merkezinde yap\u0131lacakt\u0131r.<\/p>\n\n\n\n<p>Kay\u0131tl\u0131 \u00fcyelerimize sayg\u0131yla duyurulur.<\/p>\n\n\n\n<p>Y\u00f6netim Kurulu<\/p>\n","protected":false},"excerpt":{"rendered":"<p>Y\u00f6netim ve Bili\u015fim Sistemleri Derne\u011fi Genel Kurul \u00c7a\u011fr\u0131s\u0131 Y\u00f6netim ve Bili\u015fim Sistemleri Derne\u011fi ilk ola\u011fan genel kurulunu 13 Haziran 2025 Cuma g\u00fcn\u00fc saat 14:30 da Dernek Merkezinde yapacakt\u0131r. 13 Haziran 2025 tarihinde yeterli \u00e7o\u011funlu\u011fun sa\u011flanamamas\u0131 durumunda genel kurul 20 Haziran 2025 Cuma g\u00fcn\u00fc saat 14:30 da Dernek Merkezinde yap\u0131lacakt\u0131r. Kay\u0131tl\u0131 \u00fcyelerimize sayg\u0131yla duyurulur. Y\u00f6netim Kurulu<\/p>\n","protected":false},"author":1,"featured_media":0,"parent":0,"menu_order":0,"comment_status":"closed","ping_status":"closed","template":"","meta":{"footnotes":""},"class_list":["post-224","page","type-page","status-publish","hentry"],"yoast_head":"<!-- This site is optimized with the Yoast SEO plugin v26.8 - https:\/\/yoast.com\/product\/yoast-seo-wordpress\/ -->\n<title>Genel Kurul \u00c7a\u011fr\u0131s\u0131 - Y\u00f6netim Bili\u015fim Sistemleri Enstit\u00fcs\u00fc<\/title>\n<meta name=\"robots\" content=\"index, follow, max-snippet:-1, max-image-preview:large, max-video-preview:-1\" \/>\n<link rel=\"canonical\" href=\"https:\/\/ybse.org.tr\/?page_id=224\" \/>\n<meta property=\"og:locale\" content=\"tr_TR\" \/>\n<meta property=\"og:type\" content=\"article\" \/>\n<meta property=\"og:title\" content=\"Genel Kurul \u00c7a\u011fr\u0131s\u0131 - Y\u00f6netim Bili\u015fim Sistemleri Enstit\u00fcs\u00fc\" \/>\n<meta property=\"og:description\" content=\"Y\u00f6netim ve Bili\u015fim Sistemleri Derne\u011fi Genel Kurul \u00c7a\u011fr\u0131s\u0131 Y\u00f6netim ve Bili\u015fim Sistemleri Derne\u011fi ilk ola\u011fan genel kurulunu 13 Haziran 2025 Cuma g\u00fcn\u00fc saat 14:30 da Dernek Merkezinde yapacakt\u0131r. 13 Haziran 2025 tarihinde yeterli \u00e7o\u011funlu\u011fun sa\u011flanamamas\u0131 durumunda genel kurul 20 Haziran 2025 Cuma g\u00fcn\u00fc saat 14:30 da Dernek Merkezinde yap\u0131lacakt\u0131r. Kay\u0131tl\u0131 \u00fcyelerimize sayg\u0131yla duyurulur. Y\u00f6netim Kurulu\" \/>\n<meta property=\"og:url\" content=\"https:\/\/ybse.org.tr\/?page_id=224\" \/>\n<meta property=\"og:site_name\" content=\"Y\u00f6netim Bili\u015fim Sistemleri Enstit\u00fcs\u00fc\" \/>\n<meta property=\"article:modified_time\" content=\"2025-06-11T20:51:21+00:00\" \/>\n<meta name=\"twitter:card\" content=\"summary_large_image\" \/>\n<meta name=\"twitter:label1\" content=\"Tahmini okuma s\u00fcresi\" \/>\n\t<meta name=\"twitter:data1\" content=\"1 dakika\" \/>\n<script type=\"application\/ld+json\" class=\"yoast-schema-graph\">{\"@context\":\"https:\/\/schema.org\",\"@graph\":[{\"@type\":\"WebPage\",\"@id\":\"https:\/\/ybse.org.tr\/?page_id=224\",\"url\":\"https:\/\/ybse.org.tr\/?page_id=224\",\"name\":\"Genel Kurul \u00c7a\u011fr\u0131s\u0131 - Y\u00f6netim Bili\u015fim Sistemleri Enstit\u00fcs\u00fc\",\"isPartOf\":{\"@id\":\"https:\/\/ybse.org.tr\/#website\"},\"datePublished\":\"2025-06-11T20:48:58+00:00\",\"dateModified\":\"2025-06-11T20:51:21+00:00\",\"breadcrumb\":{\"@id\":\"https:\/\/ybse.org.tr\/?page_id=224#breadcrumb\"},\"inLanguage\":\"tr\",\"potentialAction\":[{\"@type\":\"ReadAction\",\"target\":[\"https:\/\/ybse.org.tr\/?page_id=224\"]}]},{\"@type\":\"BreadcrumbList\",\"@id\":\"https:\/\/ybse.org.tr\/?page_id=224#breadcrumb\",\"itemListElement\":[{\"@type\":\"ListItem\",\"position\":1,\"name\":\"Anasayfa\",\"item\":\"https:\/\/ybse.org.tr\/?page_id=102\"},{\"@type\":\"ListItem\",\"position\":2,\"name\":\"Genel Kurul \u00c7a\u011fr\u0131s\u0131\"}]},{\"@type\":\"WebSite\",\"@id\":\"https:\/\/ybse.org.tr\/#website\",\"url\":\"https:\/\/ybse.org.tr\/\",\"name\":\"Y\u00f6netim Bili\u015fim Sistemleri Enstit\u00fcs\u00fc\",\"description\":\"\",\"publisher\":{\"@id\":\"https:\/\/ybse.org.tr\/#organization\"},\"potentialAction\":[{\"@type\":\"SearchAction\",\"target\":{\"@type\":\"EntryPoint\",\"urlTemplate\":\"https:\/\/ybse.org.tr\/?s={search_term_string}\"},\"query-input\":{\"@type\":\"PropertyValueSpecification\",\"valueRequired\":true,\"valueName\":\"search_term_string\"}}],\"inLanguage\":\"tr\"},{\"@type\":\"Organization\",\"@id\":\"https:\/\/ybse.org.tr\/#organization\",\"name\":\"Y\u00f6netim Bili\u015fim Sistemleri Enstit\u00fcs\u00fc\",\"url\":\"https:\/\/ybse.org.tr\/\",\"logo\":{\"@type\":\"ImageObject\",\"inLanguage\":\"tr\",\"@id\":\"https:\/\/ybse.org.tr\/#\/schema\/logo\/image\/\",\"url\":\"https:\/\/ybse.org.tr\/wp-content\/uploads\/2025\/04\/cropped-YBSE_Logo-1.jpeg\",\"contentUrl\":\"https:\/\/ybse.org.tr\/wp-content\/uploads\/2025\/04\/cropped-YBSE_Logo-1.jpeg\",\"width\":100,\"height\":100,\"caption\":\"Y\u00f6netim Bili\u015fim Sistemleri Enstit\u00fcs\u00fc\"},\"image\":{\"@id\":\"https:\/\/ybse.org.tr\/#\/schema\/logo\/image\/\"}}]}<\/script>\n<!-- \/ Yoast SEO plugin. -->","yoast_head_json":{"title":"Genel Kurul \u00c7a\u011fr\u0131s\u0131 - Y\u00f6netim Bili\u015fim Sistemleri Enstit\u00fcs\u00fc","robots":{"index":"index","follow":"follow","max-snippet":"max-snippet:-1","max-image-preview":"max-image-preview:large","max-video-preview":"max-video-preview:-1"},"canonical":"https:\/\/ybse.org.tr\/?page_id=224","og_locale":"tr_TR","og_type":"article","og_title":"Genel Kurul \u00c7a\u011fr\u0131s\u0131 - Y\u00f6netim Bili\u015fim Sistemleri Enstit\u00fcs\u00fc","og_description":"Y\u00f6netim ve Bili\u015fim Sistemleri Derne\u011fi Genel Kurul \u00c7a\u011fr\u0131s\u0131 Y\u00f6netim ve Bili\u015fim Sistemleri Derne\u011fi ilk ola\u011fan genel kurulunu 13 Haziran 2025 Cuma g\u00fcn\u00fc saat 14:30 da Dernek Merkezinde yapacakt\u0131r. 13 Haziran 2025 tarihinde yeterli \u00e7o\u011funlu\u011fun sa\u011flanamamas\u0131 durumunda genel kurul 20 Haziran 2025 Cuma g\u00fcn\u00fc saat 14:30 da Dernek Merkezinde yap\u0131lacakt\u0131r. Kay\u0131tl\u0131 \u00fcyelerimize sayg\u0131yla duyurulur. Y\u00f6netim Kurulu","og_url":"https:\/\/ybse.org.tr\/?page_id=224","og_site_name":"Y\u00f6netim Bili\u015fim Sistemleri Enstit\u00fcs\u00fc","article_modified_time":"2025-06-11T20:51:21+00:00","twitter_card":"summary_large_image","twitter_misc":{"Tahmini okuma s\u00fcresi":"1 dakika"},"schema":{"@context":"https:\/\/schema.org","@graph":[{"@type":"WebPage","@id":"https:\/\/ybse.org.tr\/?page_id=224","url":"https:\/\/ybse.org.tr\/?page_id=224","name":"Genel Kurul \u00c7a\u011fr\u0131s\u0131 - Y\u00f6netim Bili\u015fim Sistemleri Enstit\u00fcs\u00fc","isPartOf":{"@id":"https:\/\/ybse.org.tr\/#website"},"datePublished":"2025-06-11T20:48:58+00:00","dateModified":"2025-06-11T20:51:21+00:00","breadcrumb":{"@id":"https:\/\/ybse.org.tr\/?page_id=224#breadcrumb"},"inLanguage":"tr","potentialAction":[{"@type":"ReadAction","target":["https:\/\/ybse.org.tr\/?page_id=224"]}]},{"@type":"BreadcrumbList","@id":"https:\/\/ybse.org.tr\/?page_id=224#breadcrumb","itemListElement":[{"@type":"ListItem","position":1,"name":"Anasayfa","item":"https:\/\/ybse.org.tr\/?page_id=102"},{"@type":"ListItem","position":2,"name":"Genel Kurul \u00c7a\u011fr\u0131s\u0131"}]},{"@type":"WebSite","@id":"https:\/\/ybse.org.tr\/#website","url":"https:\/\/ybse.org.tr\/","name":"Y\u00f6netim Bili\u015fim Sistemleri Enstit\u00fcs\u00fc","description":"","publisher":{"@id":"https:\/\/ybse.org.tr\/#organization"},"potentialAction":[{"@type":"SearchAction","target":{"@type":"EntryPoint","urlTemplate":"https:\/\/ybse.org.tr\/?s={search_term_string}"},"query-input":{"@type":"PropertyValueSpecification","valueRequired":true,"valueName":"search_term_string"}}],"inLanguage":"tr"},{"@type":"Organization","@id":"https:\/\/ybse.org.tr\/#organization","name":"Y\u00f6netim Bili\u015fim Sistemleri Enstit\u00fcs\u00fc","url":"https:\/\/ybse.org.tr\/","logo":{"@type":"ImageObject","inLanguage":"tr","@id":"https:\/\/ybse.org.tr\/#\/schema\/logo\/image\/","url":"https:\/\/ybse.org.tr\/wp-content\/uploads\/2025\/04\/cropped-YBSE_Logo-1.jpeg","contentUrl":"https:\/\/ybse.org.tr\/wp-content\/uploads\/2025\/04\/cropped-YBSE_Logo-1.jpeg","width":100,"height":100,"caption":"Y\u00f6netim Bili\u015fim Sistemleri Enstit\u00fcs\u00fc"},"image":{"@id":"https:\/\/ybse.org.tr\/#\/schema\/logo\/image\/"}}]}},"_links":{"self":[{"href":"https:\/\/ybse.org.tr\/index.php?rest_route=\/wp\/v2\/pages\/224","targetHints":{"allow":["GET"]}}],"collection":[{"href":"https:\/\/ybse.org.tr\/index.php?rest_route=\/wp\/v2\/pages"}],"about":[{"href":"https:\/\/ybse.org.tr\/index.php?rest_route=\/wp\/v2\/types\/page"}],"author":[{"embeddable":true,"href":"https:\/\/ybse.org.tr\/index.php?rest_route=\/wp\/v2\/users\/1"}],"replies":[{"embeddable":true,"href":"https:\/\/ybse.org.tr\/index.php?rest_route=%2Fwp%2Fv2%2Fcomments&post=224"}],"version-history":[{"count":4,"href":"https:\/\/ybse.org.tr\/index.php?rest_route=\/wp\/v2\/pages\/224\/revisions"}],"predecessor-version":[{"id":229,"href":"https:\/\/ybse.org.tr\/index.php?rest_route=\/wp\/v2\/pages\/224\/revisions\/229"}],"wp:attachment":[{"href":"https:\/\/ybse.org.tr\/index.php?rest_route=%2Fwp%2Fv2%2Fmedia&parent=224"}],"curies":[{"name":"wp","href":"https:\/\/api.w.org\/{rel}","templated":true}]}}