{"id":2,"date":"2024-10-08T21:51:50","date_gmt":"2024-10-08T21:51:50","guid":{"rendered":"https:\/\/ybse.org.tr\/?page_id=2"},"modified":"2025-04-10T12:31:10","modified_gmt":"2025-04-10T12:31:10","slug":"sample-page","status":"publish","type":"page","link":"https:\/\/ybse.org.tr\/?page_id=2","title":{"rendered":"Hakk\u0131m\u0131zda"},"content":{"rendered":"\n<p><strong>Y\u00f6netim Bili\u015fim<\/strong> <strong>Sistemleri Enstit\u00fcs\u00fc<\/strong> T\u00fcrkiye&#8217;de Y\u00f6netim Bili\u015fim Sistemleri camias\u0131n\u0131 bir arada tutmay\u0131 ama\u00e7 edinmektedir.<\/p>\n\n\n\n<blockquote class=\"wp-block-quote is-layout-flow wp-block-quote-is-layout-flow\">\n<p><strong>Y\u00f6netim Bili\u015fim Sistemleri<\/strong> bilim alan\u0131n\u0131n yay\u0131lmas\u0131na katk\u0131da bulunmak amac\u0131yla kurulan bu olu\u015fum, d\u00fczenli olarak konferanslar, seminerler, s\u00f6yle\u015filer ve e\u011fitimler yaparak bu alanda \u00e7al\u0131\u015fanlar\u0131n yapt\u0131klar\u0131 \u00e7al\u0131\u015fmalar\u0131n payla\u015f\u0131lmas\u0131na katk\u0131 sunmaktad\u0131r&#8230;<\/p>\n<\/blockquote>\n\n\n\n<p>Bu ama\u00e7la, YBS alan\u0131nda \u00e7al\u0131\u015fan akademisyenler, \u00f6zel ve kamu sekt\u00f6r\u00fcnde \u00e7al\u0131\u015fanlar ve \u00f6\u011frencilerin ihtiya\u00e7 duydu\u011fu bilgi payla\u015f\u0131m platformlar\u0131n\u0131 organize etmek ve bu alanda projeler yapmak ana hedefler aras\u0131ndad\u0131r.<\/p>\n\n\n\n<p>Aral\u0131k 2024 tarihinde \u0130zmir&#8217;de kurulmu\u015f olan Y\u00f6netim ve Bili\u015fim Sistemleri Derne\u011fi&#8217;nin alm\u0131\u015f oldu\u011fu karar ile olu\u015fturulan Y\u00f6netim Bili\u015fim Sistemleri Enstit\u00fcs\u00fc akademik temele dayanan ancak \u00f6zel ve kamu sekt\u00f6r\u00fcnde uygulama imk\u00e2n\u0131 bulan faaliyetler \u00fczerine yo\u011funla\u015fmaktad\u0131r.<\/p>\n\n\n\n<p>T\u00fcrkiye&#8217;de 12 y\u0131ld\u0131r yap\u0131lmakta olan Uluslararas\u0131 Y\u00f6netim ve Bili\u015fim Sistemleri Konferanslar\u0131n\u0131n (International Management Information Systems Conference &#8211; IMISC) d\u00fczenlenmesi ve olu\u015fturulmas\u0131nda katk\u0131 sa\u011flayan T\u00fcrkiye&#8217;nin \u00f6nemli ve sayg\u0131n YBS akademisyenlerinin bulundu\u011fu <strong><em>Y\u00f6netim ve Bili\u015fim Sistemleri Dan\u0131\u015fma Kurulu<\/em><\/strong> bu ve buna benzer etkinliklerin YBS Enstit\u00fcs\u00fcn\u00fcn himayelerinde yap\u0131lmas\u0131n\u0131n uygun olaca\u011f\u0131na karar vermi\u015ftir. Bu nedenle ba\u015fta IMISC konferanslar\u0131 olmak \u00fczere T\u00fcrkiye&#8217;de YBS alan\u0131nda yap\u0131lan \u00e7al\u0131\u015fmalar\u0131 her bak\u0131mdan organize etmek ama\u00e7lanm\u0131\u015ft\u0131r.<\/p>\n\n\n\n<p>Her y\u0131l yap\u0131lan YBS \u00d6\u011frenci Zirvesi de YBS Enstit\u00fcs\u00fcn\u00fcn organize etti\u011fi \u00f6nemli etkinlikler aras\u0131ndad\u0131r. <\/p>\n\n\n\n<p>YBS Enstit\u00fcs\u00fc YBS ile ba\u011flant\u0131l\u0131 ulusal ve uluslararas\u0131 projelerde yer almay\u0131 da ama\u00e7lamaktad\u0131r. <\/p>\n","protected":false},"excerpt":{"rendered":"<p>Y\u00f6netim Bili\u015fim Sistemleri Enstit\u00fcs\u00fc T\u00fcrkiye&#8217;de Y\u00f6netim Bili\u015fim Sistemleri camias\u0131n\u0131 bir arada tutmay\u0131 ama\u00e7 edinmektedir. Y\u00f6netim Bili\u015fim Sistemleri bilim alan\u0131n\u0131n yay\u0131lmas\u0131na katk\u0131da bulunmak amac\u0131yla kurulan bu olu\u015fum, d\u00fczenli olarak konferanslar, seminerler, s\u00f6yle\u015filer ve e\u011fitimler yaparak bu alanda \u00e7al\u0131\u015fanlar\u0131n yapt\u0131klar\u0131 \u00e7al\u0131\u015fmalar\u0131n payla\u015f\u0131lmas\u0131na katk\u0131 sunmaktad\u0131r&#8230; Bu ama\u00e7la, YBS alan\u0131nda \u00e7al\u0131\u015fan akademisyenler, \u00f6zel ve kamu sekt\u00f6r\u00fcnde \u00e7al\u0131\u015fanlar ve \u00f6\u011frencilerin [&hellip;]<\/p>\n","protected":false},"author":1,"featured_media":0,"parent":0,"menu_order":0,"comment_status":"closed","ping_status":"closed","template":"","meta":{"footnotes":""},"class_list":["post-2","page","type-page","status-publish","hentry"],"yoast_head":"<!-- This site is optimized with the Yoast SEO plugin v26.8 - https:\/\/yoast.com\/product\/yoast-seo-wordpress\/ -->\n<title>Hakk\u0131m\u0131zda - Y\u00f6netim Bili\u015fim Sistemleri Enstit\u00fcs\u00fc<\/title>\n<meta name=\"description\" content=\"Y\u00f6netim Bili\u015fim Sistemleri, bilim alan\u0131n\u0131n yay\u0131lmas\u0131na katk\u0131da bulunmak amac\u0131yla kurulan olu\u015fum, d\u00fczenli olarak konferanslar, semineler, s\u00f6yle\u015filer ve e\u011fitimler yaparak bu alanda \u00e7al\u0131\u015fanlar\u0131n yapt\u0131klar\u0131 \u00e7al\u0131\u015fmalar\u0131n payla\u015f\u0131lmas\u0131na katk\u0131 sunmaktad\u0131r.\" \/>\n<meta name=\"robots\" content=\"index, follow, max-snippet:-1, max-image-preview:large, max-video-preview:-1\" \/>\n<link rel=\"canonical\" href=\"https:\/\/ybse.org.tr\/?page_id=2\" \/>\n<meta property=\"og:locale\" content=\"tr_TR\" \/>\n<meta property=\"og:type\" content=\"article\" \/>\n<meta property=\"og:title\" content=\"Hakk\u0131m\u0131zda - Y\u00f6netim Bili\u015fim Sistemleri Enstit\u00fcs\u00fc\" \/>\n<meta property=\"og:description\" content=\"Y\u00f6netim Bili\u015fim Sistemleri, bilim alan\u0131n\u0131n yay\u0131lmas\u0131na katk\u0131da bulunmak amac\u0131yla kurulan olu\u015fum, d\u00fczenli olarak konferanslar, semineler, s\u00f6yle\u015filer ve e\u011fitimler yaparak bu alanda \u00e7al\u0131\u015fanlar\u0131n yapt\u0131klar\u0131 \u00e7al\u0131\u015fmalar\u0131n payla\u015f\u0131lmas\u0131na katk\u0131 sunmaktad\u0131r.\" \/>\n<meta property=\"og:url\" content=\"https:\/\/ybse.org.tr\/?page_id=2\" \/>\n<meta property=\"og:site_name\" content=\"Y\u00f6netim Bili\u015fim Sistemleri Enstit\u00fcs\u00fc\" \/>\n<meta property=\"article:modified_time\" content=\"2025-04-10T12:31:10+00:00\" \/>\n<meta name=\"twitter:card\" content=\"summary_large_image\" \/>\n<meta name=\"twitter:label1\" content=\"Tahmini okuma s\u00fcresi\" \/>\n\t<meta name=\"twitter:data1\" content=\"2 dakika\" \/>\n<script type=\"application\/ld+json\" class=\"yoast-schema-graph\">{\"@context\":\"https:\/\/schema.org\",\"@graph\":[{\"@type\":\"WebPage\",\"@id\":\"https:\/\/ybse.org.tr\/?page_id=2\",\"url\":\"https:\/\/ybse.org.tr\/?page_id=2\",\"name\":\"Hakk\u0131m\u0131zda - Y\u00f6netim Bili\u015fim Sistemleri Enstit\u00fcs\u00fc\",\"isPartOf\":{\"@id\":\"https:\/\/ybse.org.tr\/#website\"},\"datePublished\":\"2024-10-08T21:51:50+00:00\",\"dateModified\":\"2025-04-10T12:31:10+00:00\",\"description\":\"Y\u00f6netim Bili\u015fim Sistemleri, bilim alan\u0131n\u0131n yay\u0131lmas\u0131na katk\u0131da bulunmak amac\u0131yla kurulan olu\u015fum, d\u00fczenli olarak konferanslar, semineler, s\u00f6yle\u015filer ve e\u011fitimler yaparak bu alanda \u00e7al\u0131\u015fanlar\u0131n yapt\u0131klar\u0131 \u00e7al\u0131\u015fmalar\u0131n payla\u015f\u0131lmas\u0131na katk\u0131 sunmaktad\u0131r.\",\"breadcrumb\":{\"@id\":\"https:\/\/ybse.org.tr\/?page_id=2#breadcrumb\"},\"inLanguage\":\"tr\",\"potentialAction\":[{\"@type\":\"ReadAction\",\"target\":[\"https:\/\/ybse.org.tr\/?page_id=2\"]}]},{\"@type\":\"BreadcrumbList\",\"@id\":\"https:\/\/ybse.org.tr\/?page_id=2#breadcrumb\",\"itemListElement\":[{\"@type\":\"ListItem\",\"position\":1,\"name\":\"Anasayfa\",\"item\":\"https:\/\/ybse.org.tr\/?page_id=102\"},{\"@type\":\"ListItem\",\"position\":2,\"name\":\"Hakk\u0131m\u0131zda\"}]},{\"@type\":\"WebSite\",\"@id\":\"https:\/\/ybse.org.tr\/#website\",\"url\":\"https:\/\/ybse.org.tr\/\",\"name\":\"Y\u00f6netim Bili\u015fim Sistemleri Enstit\u00fcs\u00fc\",\"description\":\"\",\"publisher\":{\"@id\":\"https:\/\/ybse.org.tr\/#organization\"},\"potentialAction\":[{\"@type\":\"SearchAction\",\"target\":{\"@type\":\"EntryPoint\",\"urlTemplate\":\"https:\/\/ybse.org.tr\/?s={search_term_string}\"},\"query-input\":{\"@type\":\"PropertyValueSpecification\",\"valueRequired\":true,\"valueName\":\"search_term_string\"}}],\"inLanguage\":\"tr\"},{\"@type\":\"Organization\",\"@id\":\"https:\/\/ybse.org.tr\/#organization\",\"name\":\"Y\u00f6netim Bili\u015fim Sistemleri Enstit\u00fcs\u00fc\",\"url\":\"https:\/\/ybse.org.tr\/\",\"logo\":{\"@type\":\"ImageObject\",\"inLanguage\":\"tr\",\"@id\":\"https:\/\/ybse.org.tr\/#\/schema\/logo\/image\/\",\"url\":\"https:\/\/ybse.org.tr\/wp-content\/uploads\/2025\/04\/cropped-YBSE_Logo-1.jpeg\",\"contentUrl\":\"https:\/\/ybse.org.tr\/wp-content\/uploads\/2025\/04\/cropped-YBSE_Logo-1.jpeg\",\"width\":100,\"height\":100,\"caption\":\"Y\u00f6netim Bili\u015fim Sistemleri Enstit\u00fcs\u00fc\"},\"image\":{\"@id\":\"https:\/\/ybse.org.tr\/#\/schema\/logo\/image\/\"}}]}<\/script>\n<!-- \/ Yoast SEO plugin. -->","yoast_head_json":{"title":"Hakk\u0131m\u0131zda - Y\u00f6netim Bili\u015fim Sistemleri Enstit\u00fcs\u00fc","description":"Y\u00f6netim Bili\u015fim Sistemleri, bilim alan\u0131n\u0131n yay\u0131lmas\u0131na katk\u0131da bulunmak amac\u0131yla kurulan olu\u015fum, d\u00fczenli olarak konferanslar, semineler, s\u00f6yle\u015filer ve e\u011fitimler yaparak bu alanda \u00e7al\u0131\u015fanlar\u0131n yapt\u0131klar\u0131 \u00e7al\u0131\u015fmalar\u0131n payla\u015f\u0131lmas\u0131na katk\u0131 sunmaktad\u0131r.","robots":{"index":"index","follow":"follow","max-snippet":"max-snippet:-1","max-image-preview":"max-image-preview:large","max-video-preview":"max-video-preview:-1"},"canonical":"https:\/\/ybse.org.tr\/?page_id=2","og_locale":"tr_TR","og_type":"article","og_title":"Hakk\u0131m\u0131zda - Y\u00f6netim Bili\u015fim Sistemleri Enstit\u00fcs\u00fc","og_description":"Y\u00f6netim Bili\u015fim Sistemleri, bilim alan\u0131n\u0131n yay\u0131lmas\u0131na katk\u0131da bulunmak amac\u0131yla kurulan olu\u015fum, d\u00fczenli olarak konferanslar, semineler, s\u00f6yle\u015filer ve e\u011fitimler yaparak bu alanda \u00e7al\u0131\u015fanlar\u0131n yapt\u0131klar\u0131 \u00e7al\u0131\u015fmalar\u0131n payla\u015f\u0131lmas\u0131na katk\u0131 sunmaktad\u0131r.","og_url":"https:\/\/ybse.org.tr\/?page_id=2","og_site_name":"Y\u00f6netim Bili\u015fim Sistemleri Enstit\u00fcs\u00fc","article_modified_time":"2025-04-10T12:31:10+00:00","twitter_card":"summary_large_image","twitter_misc":{"Tahmini okuma s\u00fcresi":"2 dakika"},"schema":{"@context":"https:\/\/schema.org","@graph":[{"@type":"WebPage","@id":"https:\/\/ybse.org.tr\/?page_id=2","url":"https:\/\/ybse.org.tr\/?page_id=2","name":"Hakk\u0131m\u0131zda - Y\u00f6netim Bili\u015fim Sistemleri Enstit\u00fcs\u00fc","isPartOf":{"@id":"https:\/\/ybse.org.tr\/#website"},"datePublished":"2024-10-08T21:51:50+00:00","dateModified":"2025-04-10T12:31:10+00:00","description":"Y\u00f6netim Bili\u015fim Sistemleri, bilim alan\u0131n\u0131n yay\u0131lmas\u0131na katk\u0131da bulunmak amac\u0131yla kurulan olu\u015fum, d\u00fczenli olarak konferanslar, semineler, s\u00f6yle\u015filer ve e\u011fitimler yaparak bu alanda \u00e7al\u0131\u015fanlar\u0131n yapt\u0131klar\u0131 \u00e7al\u0131\u015fmalar\u0131n payla\u015f\u0131lmas\u0131na katk\u0131 sunmaktad\u0131r.","breadcrumb":{"@id":"https:\/\/ybse.org.tr\/?page_id=2#breadcrumb"},"inLanguage":"tr","potentialAction":[{"@type":"ReadAction","target":["https:\/\/ybse.org.tr\/?page_id=2"]}]},{"@type":"BreadcrumbList","@id":"https:\/\/ybse.org.tr\/?page_id=2#breadcrumb","itemListElement":[{"@type":"ListItem","position":1,"name":"Anasayfa","item":"https:\/\/ybse.org.tr\/?page_id=102"},{"@type":"ListItem","position":2,"name":"Hakk\u0131m\u0131zda"}]},{"@type":"WebSite","@id":"https:\/\/ybse.org.tr\/#website","url":"https:\/\/ybse.org.tr\/","name":"Y\u00f6netim Bili\u015fim Sistemleri Enstit\u00fcs\u00fc","description":"","publisher":{"@id":"https:\/\/ybse.org.tr\/#organization"},"potentialAction":[{"@type":"SearchAction","target":{"@type":"EntryPoint","urlTemplate":"https:\/\/ybse.org.tr\/?s={search_term_string}"},"query-input":{"@type":"PropertyValueSpecification","valueRequired":true,"valueName":"search_term_string"}}],"inLanguage":"tr"},{"@type":"Organization","@id":"https:\/\/ybse.org.tr\/#organization","name":"Y\u00f6netim Bili\u015fim Sistemleri Enstit\u00fcs\u00fc","url":"https:\/\/ybse.org.tr\/","logo":{"@type":"ImageObject","inLanguage":"tr","@id":"https:\/\/ybse.org.tr\/#\/schema\/logo\/image\/","url":"https:\/\/ybse.org.tr\/wp-content\/uploads\/2025\/04\/cropped-YBSE_Logo-1.jpeg","contentUrl":"https:\/\/ybse.org.tr\/wp-content\/uploads\/2025\/04\/cropped-YBSE_Logo-1.jpeg","width":100,"height":100,"caption":"Y\u00f6netim Bili\u015fim Sistemleri Enstit\u00fcs\u00fc"},"image":{"@id":"https:\/\/ybse.org.tr\/#\/schema\/logo\/image\/"}}]}},"_links":{"self":[{"href":"https:\/\/ybse.org.tr\/index.php?rest_route=\/wp\/v2\/pages\/2","targetHints":{"allow":["GET"]}}],"collection":[{"href":"https:\/\/ybse.org.tr\/index.php?rest_route=\/wp\/v2\/pages"}],"about":[{"href":"https:\/\/ybse.org.tr\/index.php?rest_route=\/wp\/v2\/types\/page"}],"author":[{"embeddable":true,"href":"https:\/\/ybse.org.tr\/index.php?rest_route=\/wp\/v2\/users\/1"}],"replies":[{"embeddable":true,"href":"https:\/\/ybse.org.tr\/index.php?rest_route=%2Fwp%2Fv2%2Fcomments&post=2"}],"version-history":[{"count":3,"href":"https:\/\/ybse.org.tr\/index.php?rest_route=\/wp\/v2\/pages\/2\/revisions"}],"predecessor-version":[{"id":182,"href":"https:\/\/ybse.org.tr\/index.php?rest_route=\/wp\/v2\/pages\/2\/revisions\/182"}],"wp:attachment":[{"href":"https:\/\/ybse.org.tr\/index.php?rest_route=%2Fwp%2Fv2%2Fmedia&parent=2"}],"curies":[{"name":"wp","href":"https:\/\/api.w.org\/{rel}","templated":true}]}}