{"id":118,"date":"2025-04-06T10:17:36","date_gmt":"2025-04-06T10:17:36","guid":{"rendered":"https:\/\/ybse.org.tr\/?page_id=118"},"modified":"2025-04-06T10:17:36","modified_gmt":"2025-04-06T10:17:36","slug":"lorem-ipsum-is-simply-3","status":"publish","type":"page","link":"https:\/\/ybse.org.tr\/?page_id=118","title":{"rendered":"LOREM IPSUM IS SIMPLY"},"content":{"rendered":"<p>Lorem Ipsum is simply dummy text of the printing and typesetting industry.<\/p>\n","protected":false},"excerpt":{"rendered":"<p>Lorem Ipsum is simply dummy text of the printing and typesetting industry.<\/p>\n","protected":false},"author":1,"featured_media":119,"parent":0,"menu_order":0,"comment_status":"closed","ping_status":"closed","template":"","meta":{"footnotes":""},"class_list":["post-118","page","type-page","status-publish","has-post-thumbnail","hentry"],"yoast_head":"<!-- This site is optimized with the Yoast SEO plugin v26.8 - https:\/\/yoast.com\/product\/yoast-seo-wordpress\/ -->\n<title>LOREM IPSUM IS SIMPLY - Y\u00f6netim Bili\u015fim Sistemleri Enstit\u00fcs\u00fc<\/title>\n<meta name=\"robots\" content=\"index, follow, max-snippet:-1, max-image-preview:large, max-video-preview:-1\" \/>\n<link rel=\"canonical\" href=\"https:\/\/ybse.org.tr\/?page_id=118\" \/>\n<meta property=\"og:locale\" content=\"tr_TR\" \/>\n<meta property=\"og:type\" content=\"article\" \/>\n<meta property=\"og:title\" content=\"LOREM IPSUM IS SIMPLY - Y\u00f6netim Bili\u015fim Sistemleri Enstit\u00fcs\u00fc\" \/>\n<meta property=\"og:description\" content=\"Lorem Ipsum is simply dummy text of the printing and typesetting industry.\" \/>\n<meta property=\"og:url\" content=\"https:\/\/ybse.org.tr\/?page_id=118\" \/>\n<meta property=\"og:site_name\" content=\"Y\u00f6netim Bili\u015fim Sistemleri Enstit\u00fcs\u00fc\" \/>\n<meta name=\"twitter:card\" content=\"summary_large_image\" \/>\n<script type=\"application\/ld+json\" class=\"yoast-schema-graph\">{\"@context\":\"https:\/\/schema.org\",\"@graph\":[{\"@type\":\"WebPage\",\"@id\":\"https:\/\/ybse.org.tr\/?page_id=118\",\"url\":\"https:\/\/ybse.org.tr\/?page_id=118\",\"name\":\"LOREM IPSUM IS SIMPLY - Y\u00f6netim Bili\u015fim Sistemleri Enstit\u00fcs\u00fc\",\"isPartOf\":{\"@id\":\"https:\/\/ybse.org.tr\/#website\"},\"primaryImageOfPage\":{\"@id\":\"https:\/\/ybse.org.tr\/?page_id=118#primaryimage\"},\"image\":{\"@id\":\"https:\/\/ybse.org.tr\/?page_id=118#primaryimage\"},\"thumbnailUrl\":\"https:\/\/ybse.org.tr\/wp-content\/uploads\/2025\/04\/slider3.png\",\"datePublished\":\"2025-04-06T10:17:36+00:00\",\"breadcrumb\":{\"@id\":\"https:\/\/ybse.org.tr\/?page_id=118#breadcrumb\"},\"inLanguage\":\"tr\",\"potentialAction\":[{\"@type\":\"ReadAction\",\"target\":[\"https:\/\/ybse.org.tr\/?page_id=118\"]}]},{\"@type\":\"ImageObject\",\"inLanguage\":\"tr\",\"@id\":\"https:\/\/ybse.org.tr\/?page_id=118#primaryimage\",\"url\":\"https:\/\/ybse.org.tr\/wp-content\/uploads\/2025\/04\/slider3.png\",\"contentUrl\":\"https:\/\/ybse.org.tr\/wp-content\/uploads\/2025\/04\/slider3.png\",\"width\":1200,\"height\":848},{\"@type\":\"BreadcrumbList\",\"@id\":\"https:\/\/ybse.org.tr\/?page_id=118#breadcrumb\",\"itemListElement\":[{\"@type\":\"ListItem\",\"position\":1,\"name\":\"Anasayfa\",\"item\":\"https:\/\/ybse.org.tr\/?page_id=102\"},{\"@type\":\"ListItem\",\"position\":2,\"name\":\"LOREM IPSUM IS SIMPLY\"}]},{\"@type\":\"WebSite\",\"@id\":\"https:\/\/ybse.org.tr\/#website\",\"url\":\"https:\/\/ybse.org.tr\/\",\"name\":\"Y\u00f6netim Bili\u015fim Sistemleri Enstit\u00fcs\u00fc\",\"description\":\"\",\"publisher\":{\"@id\":\"https:\/\/ybse.org.tr\/#organization\"},\"potentialAction\":[{\"@type\":\"SearchAction\",\"target\":{\"@type\":\"EntryPoint\",\"urlTemplate\":\"https:\/\/ybse.org.tr\/?s={search_term_string}\"},\"query-input\":{\"@type\":\"PropertyValueSpecification\",\"valueRequired\":true,\"valueName\":\"search_term_string\"}}],\"inLanguage\":\"tr\"},{\"@type\":\"Organization\",\"@id\":\"https:\/\/ybse.org.tr\/#organization\",\"name\":\"Y\u00f6netim Bili\u015fim Sistemleri Enstit\u00fcs\u00fc\",\"url\":\"https:\/\/ybse.org.tr\/\",\"logo\":{\"@type\":\"ImageObject\",\"inLanguage\":\"tr\",\"@id\":\"https:\/\/ybse.org.tr\/#\/schema\/logo\/image\/\",\"url\":\"https:\/\/ybse.org.tr\/wp-content\/uploads\/2025\/04\/cropped-YBSE_Logo-1.jpeg\",\"contentUrl\":\"https:\/\/ybse.org.tr\/wp-content\/uploads\/2025\/04\/cropped-YBSE_Logo-1.jpeg\",\"width\":100,\"height\":100,\"caption\":\"Y\u00f6netim Bili\u015fim Sistemleri Enstit\u00fcs\u00fc\"},\"image\":{\"@id\":\"https:\/\/ybse.org.tr\/#\/schema\/logo\/image\/\"}}]}<\/script>\n<!-- \/ Yoast SEO plugin. -->","yoast_head_json":{"title":"LOREM IPSUM IS SIMPLY - Y\u00f6netim Bili\u015fim Sistemleri Enstit\u00fcs\u00fc","robots":{"index":"index","follow":"follow","max-snippet":"max-snippet:-1","max-image-preview":"max-image-preview:large","max-video-preview":"max-video-preview:-1"},"canonical":"https:\/\/ybse.org.tr\/?page_id=118","og_locale":"tr_TR","og_type":"article","og_title":"LOREM IPSUM IS SIMPLY - Y\u00f6netim Bili\u015fim Sistemleri Enstit\u00fcs\u00fc","og_description":"Lorem Ipsum is simply dummy text of the printing and typesetting industry.","og_url":"https:\/\/ybse.org.tr\/?page_id=118","og_site_name":"Y\u00f6netim Bili\u015fim Sistemleri Enstit\u00fcs\u00fc","twitter_card":"summary_large_image","schema":{"@context":"https:\/\/schema.org","@graph":[{"@type":"WebPage","@id":"https:\/\/ybse.org.tr\/?page_id=118","url":"https:\/\/ybse.org.tr\/?page_id=118","name":"LOREM IPSUM IS SIMPLY - Y\u00f6netim Bili\u015fim Sistemleri Enstit\u00fcs\u00fc","isPartOf":{"@id":"https:\/\/ybse.org.tr\/#website"},"primaryImageOfPage":{"@id":"https:\/\/ybse.org.tr\/?page_id=118#primaryimage"},"image":{"@id":"https:\/\/ybse.org.tr\/?page_id=118#primaryimage"},"thumbnailUrl":"https:\/\/ybse.org.tr\/wp-content\/uploads\/2025\/04\/slider3.png","datePublished":"2025-04-06T10:17:36+00:00","breadcrumb":{"@id":"https:\/\/ybse.org.tr\/?page_id=118#breadcrumb"},"inLanguage":"tr","potentialAction":[{"@type":"ReadAction","target":["https:\/\/ybse.org.tr\/?page_id=118"]}]},{"@type":"ImageObject","inLanguage":"tr","@id":"https:\/\/ybse.org.tr\/?page_id=118#primaryimage","url":"https:\/\/ybse.org.tr\/wp-content\/uploads\/2025\/04\/slider3.png","contentUrl":"https:\/\/ybse.org.tr\/wp-content\/uploads\/2025\/04\/slider3.png","width":1200,"height":848},{"@type":"BreadcrumbList","@id":"https:\/\/ybse.org.tr\/?page_id=118#breadcrumb","itemListElement":[{"@type":"ListItem","position":1,"name":"Anasayfa","item":"https:\/\/ybse.org.tr\/?page_id=102"},{"@type":"ListItem","position":2,"name":"LOREM IPSUM IS SIMPLY"}]},{"@type":"WebSite","@id":"https:\/\/ybse.org.tr\/#website","url":"https:\/\/ybse.org.tr\/","name":"Y\u00f6netim Bili\u015fim Sistemleri Enstit\u00fcs\u00fc","description":"","publisher":{"@id":"https:\/\/ybse.org.tr\/#organization"},"potentialAction":[{"@type":"SearchAction","target":{"@type":"EntryPoint","urlTemplate":"https:\/\/ybse.org.tr\/?s={search_term_string}"},"query-input":{"@type":"PropertyValueSpecification","valueRequired":true,"valueName":"search_term_string"}}],"inLanguage":"tr"},{"@type":"Organization","@id":"https:\/\/ybse.org.tr\/#organization","name":"Y\u00f6netim Bili\u015fim Sistemleri Enstit\u00fcs\u00fc","url":"https:\/\/ybse.org.tr\/","logo":{"@type":"ImageObject","inLanguage":"tr","@id":"https:\/\/ybse.org.tr\/#\/schema\/logo\/image\/","url":"https:\/\/ybse.org.tr\/wp-content\/uploads\/2025\/04\/cropped-YBSE_Logo-1.jpeg","contentUrl":"https:\/\/ybse.org.tr\/wp-content\/uploads\/2025\/04\/cropped-YBSE_Logo-1.jpeg","width":100,"height":100,"caption":"Y\u00f6netim Bili\u015fim Sistemleri Enstit\u00fcs\u00fc"},"image":{"@id":"https:\/\/ybse.org.tr\/#\/schema\/logo\/image\/"}}]}},"_links":{"self":[{"href":"https:\/\/ybse.org.tr\/index.php?rest_route=\/wp\/v2\/pages\/118","targetHints":{"allow":["GET"]}}],"collection":[{"href":"https:\/\/ybse.org.tr\/index.php?rest_route=\/wp\/v2\/pages"}],"about":[{"href":"https:\/\/ybse.org.tr\/index.php?rest_route=\/wp\/v2\/types\/page"}],"author":[{"embeddable":true,"href":"https:\/\/ybse.org.tr\/index.php?rest_route=\/wp\/v2\/users\/1"}],"replies":[{"embeddable":true,"href":"https:\/\/ybse.org.tr\/index.php?rest_route=%2Fwp%2Fv2%2Fcomments&post=118"}],"version-history":[{"count":0,"href":"https:\/\/ybse.org.tr\/index.php?rest_route=\/wp\/v2\/pages\/118\/revisions"}],"wp:featuredmedia":[{"embeddable":true,"href":"https:\/\/ybse.org.tr\/index.php?rest_route=\/wp\/v2\/media\/119"}],"wp:attachment":[{"href":"https:\/\/ybse.org.tr\/index.php?rest_route=%2Fwp%2Fv2%2Fmedia&parent=118"}],"curies":[{"name":"wp","href":"https:\/\/api.w.org\/{rel}","templated":true}]}}