{"id":102,"date":"2025-04-06T10:17:32","date_gmt":"2025-04-06T10:17:32","guid":{"rendered":"https:\/\/ybse.org.tr\/?page_id=102"},"modified":"2025-04-06T10:17:32","modified_gmt":"2025-04-06T10:17:32","slug":"home","status":"publish","type":"page","link":"https:\/\/ybse.org.tr\/","title":{"rendered":"Home"},"content":{"rendered":"","protected":false},"excerpt":{"rendered":"","protected":false},"author":1,"featured_media":0,"parent":0,"menu_order":0,"comment_status":"closed","ping_status":"closed","template":"page-template\/custom-front-page.php","meta":{"footnotes":""},"class_list":["post-102","page","type-page","status-publish","hentry"],"yoast_head":"<!-- This site is optimized with the Yoast SEO plugin v26.8 - https:\/\/yoast.com\/product\/yoast-seo-wordpress\/ -->\n<title>Home - Y\u00f6netim Bili\u015fim Sistemleri Enstit\u00fcs\u00fc<\/title>\n<meta name=\"robots\" content=\"index, follow, max-snippet:-1, max-image-preview:large, max-video-preview:-1\" \/>\n<link rel=\"canonical\" href=\"https:\/\/ybse.org.tr\/?page_id=102\" \/>\n<meta property=\"og:locale\" content=\"tr_TR\" \/>\n<meta property=\"og:type\" content=\"article\" \/>\n<meta property=\"og:title\" content=\"Home - Y\u00f6netim Bili\u015fim Sistemleri Enstit\u00fcs\u00fc\" \/>\n<meta property=\"og:url\" content=\"https:\/\/ybse.org.tr\/?page_id=102\" \/>\n<meta property=\"og:site_name\" content=\"Y\u00f6netim Bili\u015fim Sistemleri Enstit\u00fcs\u00fc\" \/>\n<meta name=\"twitter:card\" content=\"summary_large_image\" \/>\n<script type=\"application\/ld+json\" class=\"yoast-schema-graph\">{\"@context\":\"https:\/\/schema.org\",\"@graph\":[{\"@type\":\"WebPage\",\"@id\":\"https:\/\/ybse.org.tr\/?page_id=102\",\"url\":\"https:\/\/ybse.org.tr\/?page_id=102\",\"name\":\"Home - Y\u00f6netim Bili\u015fim Sistemleri Enstit\u00fcs\u00fc\",\"isPartOf\":{\"@id\":\"https:\/\/ybse.org.tr\/#website\"},\"datePublished\":\"2025-04-06T10:17:32+00:00\",\"breadcrumb\":{\"@id\":\"https:\/\/ybse.org.tr\/?page_id=102#breadcrumb\"},\"inLanguage\":\"tr\",\"potentialAction\":[{\"@type\":\"ReadAction\",\"target\":[\"https:\/\/ybse.org.tr\/?page_id=102\"]}]},{\"@type\":\"BreadcrumbList\",\"@id\":\"https:\/\/ybse.org.tr\/?page_id=102#breadcrumb\",\"itemListElement\":[{\"@type\":\"ListItem\",\"position\":1,\"name\":\"Anasayfa\",\"item\":\"https:\/\/ybse.org.tr\/?page_id=102\"},{\"@type\":\"ListItem\",\"position\":2,\"name\":\"Home\"}]},{\"@type\":\"WebSite\",\"@id\":\"https:\/\/ybse.org.tr\/#website\",\"url\":\"https:\/\/ybse.org.tr\/\",\"name\":\"Y\u00f6netim Bili\u015fim Sistemleri Enstit\u00fcs\u00fc\",\"description\":\"\",\"publisher\":{\"@id\":\"https:\/\/ybse.org.tr\/#organization\"},\"potentialAction\":[{\"@type\":\"SearchAction\",\"target\":{\"@type\":\"EntryPoint\",\"urlTemplate\":\"https:\/\/ybse.org.tr\/?s={search_term_string}\"},\"query-input\":{\"@type\":\"PropertyValueSpecification\",\"valueRequired\":true,\"valueName\":\"search_term_string\"}}],\"inLanguage\":\"tr\"},{\"@type\":\"Organization\",\"@id\":\"https:\/\/ybse.org.tr\/#organization\",\"name\":\"Y\u00f6netim Bili\u015fim Sistemleri Enstit\u00fcs\u00fc\",\"url\":\"https:\/\/ybse.org.tr\/\",\"logo\":{\"@type\":\"ImageObject\",\"inLanguage\":\"tr\",\"@id\":\"https:\/\/ybse.org.tr\/#\/schema\/logo\/image\/\",\"url\":\"https:\/\/ybse.org.tr\/wp-content\/uploads\/2025\/04\/cropped-YBSE_Logo-1.jpeg\",\"contentUrl\":\"https:\/\/ybse.org.tr\/wp-content\/uploads\/2025\/04\/cropped-YBSE_Logo-1.jpeg\",\"width\":100,\"height\":100,\"caption\":\"Y\u00f6netim Bili\u015fim Sistemleri Enstit\u00fcs\u00fc\"},\"image\":{\"@id\":\"https:\/\/ybse.org.tr\/#\/schema\/logo\/image\/\"}}]}<\/script>\n<!-- \/ Yoast SEO plugin. -->","yoast_head_json":{"title":"Home - Y\u00f6netim Bili\u015fim Sistemleri Enstit\u00fcs\u00fc","robots":{"index":"index","follow":"follow","max-snippet":"max-snippet:-1","max-image-preview":"max-image-preview:large","max-video-preview":"max-video-preview:-1"},"canonical":"https:\/\/ybse.org.tr\/?page_id=102","og_locale":"tr_TR","og_type":"article","og_title":"Home - Y\u00f6netim Bili\u015fim Sistemleri Enstit\u00fcs\u00fc","og_url":"https:\/\/ybse.org.tr\/?page_id=102","og_site_name":"Y\u00f6netim Bili\u015fim Sistemleri Enstit\u00fcs\u00fc","twitter_card":"summary_large_image","schema":{"@context":"https:\/\/schema.org","@graph":[{"@type":"WebPage","@id":"https:\/\/ybse.org.tr\/?page_id=102","url":"https:\/\/ybse.org.tr\/?page_id=102","name":"Home - Y\u00f6netim Bili\u015fim Sistemleri Enstit\u00fcs\u00fc","isPartOf":{"@id":"https:\/\/ybse.org.tr\/#website"},"datePublished":"2025-04-06T10:17:32+00:00","breadcrumb":{"@id":"https:\/\/ybse.org.tr\/?page_id=102#breadcrumb"},"inLanguage":"tr","potentialAction":[{"@type":"ReadAction","target":["https:\/\/ybse.org.tr\/?page_id=102"]}]},{"@type":"BreadcrumbList","@id":"https:\/\/ybse.org.tr\/?page_id=102#breadcrumb","itemListElement":[{"@type":"ListItem","position":1,"name":"Anasayfa","item":"https:\/\/ybse.org.tr\/?page_id=102"},{"@type":"ListItem","position":2,"name":"Home"}]},{"@type":"WebSite","@id":"https:\/\/ybse.org.tr\/#website","url":"https:\/\/ybse.org.tr\/","name":"Y\u00f6netim Bili\u015fim Sistemleri Enstit\u00fcs\u00fc","description":"","publisher":{"@id":"https:\/\/ybse.org.tr\/#organization"},"potentialAction":[{"@type":"SearchAction","target":{"@type":"EntryPoint","urlTemplate":"https:\/\/ybse.org.tr\/?s={search_term_string}"},"query-input":{"@type":"PropertyValueSpecification","valueRequired":true,"valueName":"search_term_string"}}],"inLanguage":"tr"},{"@type":"Organization","@id":"https:\/\/ybse.org.tr\/#organization","name":"Y\u00f6netim Bili\u015fim Sistemleri Enstit\u00fcs\u00fc","url":"https:\/\/ybse.org.tr\/","logo":{"@type":"ImageObject","inLanguage":"tr","@id":"https:\/\/ybse.org.tr\/#\/schema\/logo\/image\/","url":"https:\/\/ybse.org.tr\/wp-content\/uploads\/2025\/04\/cropped-YBSE_Logo-1.jpeg","contentUrl":"https:\/\/ybse.org.tr\/wp-content\/uploads\/2025\/04\/cropped-YBSE_Logo-1.jpeg","width":100,"height":100,"caption":"Y\u00f6netim Bili\u015fim Sistemleri Enstit\u00fcs\u00fc"},"image":{"@id":"https:\/\/ybse.org.tr\/#\/schema\/logo\/image\/"}}]}},"_links":{"self":[{"href":"https:\/\/ybse.org.tr\/index.php?rest_route=\/wp\/v2\/pages\/102","targetHints":{"allow":["GET"]}}],"collection":[{"href":"https:\/\/ybse.org.tr\/index.php?rest_route=\/wp\/v2\/pages"}],"about":[{"href":"https:\/\/ybse.org.tr\/index.php?rest_route=\/wp\/v2\/types\/page"}],"author":[{"embeddable":true,"href":"https:\/\/ybse.org.tr\/index.php?rest_route=\/wp\/v2\/users\/1"}],"replies":[{"embeddable":true,"href":"https:\/\/ybse.org.tr\/index.php?rest_route=%2Fwp%2Fv2%2Fcomments&post=102"}],"version-history":[{"count":1,"href":"https:\/\/ybse.org.tr\/index.php?rest_route=\/wp\/v2\/pages\/102\/revisions"}],"predecessor-version":[{"id":171,"href":"https:\/\/ybse.org.tr\/index.php?rest_route=\/wp\/v2\/pages\/102\/revisions\/171"}],"wp:attachment":[{"href":"https:\/\/ybse.org.tr\/index.php?rest_route=%2Fwp%2Fv2%2Fmedia&parent=102"}],"curies":[{"name":"wp","href":"https:\/\/api.w.org\/{rel}","templated":true}]}}