{"id":100,"date":"2025-04-06T12:31:20","date_gmt":"2025-04-06T12:31:20","guid":{"rendered":"https:\/\/ybse.org.tr\/?page_id=100"},"modified":"2025-04-14T21:09:46","modified_gmt":"2025-04-14T21:09:46","slug":"etkinlikler","status":"publish","type":"page","link":"https:\/\/ybse.org.tr\/?page_id=100","title":{"rendered":"Etkinlikler"},"content":{"rendered":"\n<p>Y\u00f6netim Bili\u015fim Sistemleri Enstit\u00fcs\u00fcn\u00fcn organize etti\u011fi ve\/veya yer ald\u0131\u011f\u0131 etkinlikleri burada bulabilirsiniz. <\/p>\n\n\n\n<div class=\"wp-block-columns is-layout-flex wp-container-core-columns-is-layout-9d6595d7 wp-block-columns-is-layout-flex\">\n<div class=\"wp-block-column is-layout-flow wp-block-column-is-layout-flow\">\n<h2 class=\"wp-block-heading\"><a href=\"https:\/\/ybse.org.tr\/?p=124\">YBS \u00d6\u011eRENC\u0130 Z\u0130RVES\u0130<\/a><\/h2>\n\n\n\n<p>YBS \u00d6\u011frenci Zirvesi 26-27 Nisan 2025 tarihlerinde Ankara Medipol \u00dcniversitesi ev sahipli\u011finde yap\u0131lacakt\u0131r.<\/p>\n\n\n\n<p>Sekt\u00f6rde bili\u015fim alan\u0131nda \u00e7al\u0131\u015fan onlarca uygulay\u0131c\u0131n\u0131n ve YBS duayenlerinin \u00f6\u011frencilere bilgi ve tecr\u00fcbelerini aktaraca\u011f\u0131 bulunmaz bir f\u0131rsat.<\/p>\n\n\n\n<p><a href=\"https:\/\/ybse.org.tr\/?p=124\">Devam\u0131n\u0131 oku.<\/a><\/p>\n\n\n<div class=\"wp-block-post-date\"><time datetime=\"2025-04-06T12:31:20+00:00\">Nisan 6, 2025<\/time><\/div><\/div>\n\n\n\n<div class=\"wp-block-column is-layout-flow wp-block-column-is-layout-flow\">\n<h2 class=\"wp-block-heading\"><a href=\"https:\/\/www.kamubilisimzirvesi.com\/\">KAMU B\u0130L\u0130\u015e\u0130M Z\u0130RVES\u0130<\/a><\/h2>\n\n\n\n<p><strong>10-13 Nisan 2025<\/strong> tarihlerinde Antalya\u2019da yap\u0131lacak olan Zirvede <strong>Dijital D\u00f6n\u00fc\u015f\u00fcm<\/strong>, <strong>Milli Teknoloji Hamlesi<\/strong>, <strong>Kamu Kurumlar\u0131nda Dijital D\u00f6n\u00fc\u015f\u00fcm<\/strong>, <strong>Yapay Zeka<\/strong>, <strong>A\u00e7\u0131k Kaynak Bulut Bili\u015fim<\/strong>, <strong>Veri Merkezleri<\/strong>, <strong>\u0130\u015f S\u00fcreklili\u011fi<\/strong>, <strong>Dijital Ekonomi<\/strong>, <strong>Dijital Devlet<\/strong>, <strong>Dijital Liderler<\/strong>, <strong>IoT ve 5G<\/strong>, <strong>Blockchain<\/strong>, <strong>Dijital K\u00fclt\u00fcr<\/strong>, <strong>B\u00fcy\u00fck Veri<\/strong>, <strong>KVKK<\/strong>, <strong>Ak\u0131ll\u0131 \u015eehirler<\/strong>, <strong>Siber G\u00fcvenlik<\/strong>, <strong>Makine \u00d6\u011frenimi<\/strong>, <strong>AR &amp; VR<\/strong> ve <strong>GeoAI<\/strong> gibi bili\u015fim konular\u0131 konu\u015fulacakt\u0131r.<\/p>\n\n\n\n<p><a href=\"https:\/\/www.kamubilisimzirvesi.com\/\">Devam\u0131n\u0131 oku.<\/a><\/p>\n\n\n<div class=\"wp-block-post-date\"><time datetime=\"2025-04-06T12:31:20+00:00\">Nisan 6, 2025<\/time><\/div>\n\n\n<p><\/p>\n<\/div>\n\n\n\n<div class=\"wp-block-column is-layout-flow wp-block-column-is-layout-flow\">\n<h2 class=\"wp-block-heading\"><a href=\"https:\/\/ybse.org.tr\/?page_id=201\">DE\u00dc YBS 12. KAMU B\u0130L\u0130\u015e\u0130M Z\u0130RVES\u0130NDE<\/a><\/h2>\n\n\n\n<p>600\u2019den fazla kamu bili\u015fim y\u00f6neticileri ve \u00f6zel sekt\u00f6r temsilcilerinin haz\u0131r bulundu\u011fu zirveye<br>&#8220;GeoAI ile Gelece\u011fi \u015eekillendirmek: Co\u011frafi Bilgi Sistemlerinde Yapay Zekan\u0131n G\u00fcc\u00fc&#8221; ba\u015fl\u0131kl\u0131 sunum ile katk\u0131da bulunma imkan\u0131m\u0131z oldu.<br>Prof.Dr. <a href=\"https:\/\/www.linkedin.com\/in\/ACoAAAB9UJgBv4KjgzdAH4FzG0xZMjQysRXmvqc\"><\/a><a href=\"https:\/\/www.linkedin.com\/in\/izzetgokhanozbilgin\/\">\u0130zzet G\u00f6khan \u00d6.<\/a> \u2018in organize etti\u011fi Zirve organizasyonuna DE\u00dc YBS \u00f6\u011frencilerimiz ile katk\u0131 vermekten de ayr\u0131ca mutluyuz.<\/p>\n\n\n\n<p><a href=\"https:\/\/ybse.org.tr\/?page_id=201\">Devam\u0131n\u0131 oku.<\/a><\/p>\n\n\n<div class=\"wp-block-post-date\"><time datetime=\"2025-04-06T12:31:20+00:00\">Nisan 6, 2025<\/time><\/div>\n\n\n<p><\/p>\n<\/div>\n<\/div>\n\n\n\n<p><\/p>\n","protected":false},"excerpt":{"rendered":"<p>Y\u00f6netim Bili\u015fim Sistemleri Enstit\u00fcs\u00fcn\u00fcn organize etti\u011fi ve\/veya yer ald\u0131\u011f\u0131 etkinlikleri burada bulabilirsiniz. YBS \u00d6\u011eRENC\u0130 Z\u0130RVES\u0130 YBS \u00d6\u011frenci Zirvesi 26-27 Nisan 2025 tarihlerinde Ankara Medipol \u00dcniversitesi ev sahipli\u011finde yap\u0131lacakt\u0131r. Sekt\u00f6rde bili\u015fim alan\u0131nda \u00e7al\u0131\u015fan onlarca uygulay\u0131c\u0131n\u0131n ve YBS duayenlerinin \u00f6\u011frencilere bilgi ve tecr\u00fcbelerini aktaraca\u011f\u0131 bulunmaz bir f\u0131rsat. Devam\u0131n\u0131 oku. KAMU B\u0130L\u0130\u015e\u0130M Z\u0130RVES\u0130 10-13 Nisan 2025 tarihlerinde Antalya\u2019da [&hellip;]<\/p>\n","protected":false},"author":1,"featured_media":0,"parent":0,"menu_order":0,"comment_status":"closed","ping_status":"closed","template":"","meta":{"footnotes":""},"class_list":["post-100","page","type-page","status-publish","hentry"],"yoast_head":"<!-- This site is optimized with the Yoast SEO plugin v26.8 - https:\/\/yoast.com\/product\/yoast-seo-wordpress\/ -->\n<title>Etkinlikler - Y\u00f6netim Bili\u015fim Sistemleri Enstit\u00fcs\u00fc<\/title>\n<meta name=\"robots\" content=\"index, follow, max-snippet:-1, max-image-preview:large, max-video-preview:-1\" \/>\n<link rel=\"canonical\" href=\"https:\/\/ybse.org.tr\/?page_id=100\" \/>\n<meta property=\"og:locale\" content=\"tr_TR\" \/>\n<meta property=\"og:type\" content=\"article\" \/>\n<meta property=\"og:title\" content=\"Etkinlikler - Y\u00f6netim Bili\u015fim Sistemleri Enstit\u00fcs\u00fc\" \/>\n<meta property=\"og:description\" content=\"Y\u00f6netim Bili\u015fim Sistemleri Enstit\u00fcs\u00fcn\u00fcn organize etti\u011fi ve\/veya yer ald\u0131\u011f\u0131 etkinlikleri burada bulabilirsiniz. YBS \u00d6\u011eRENC\u0130 Z\u0130RVES\u0130 YBS \u00d6\u011frenci Zirvesi 26-27 Nisan 2025 tarihlerinde Ankara Medipol \u00dcniversitesi ev sahipli\u011finde yap\u0131lacakt\u0131r. Sekt\u00f6rde bili\u015fim alan\u0131nda \u00e7al\u0131\u015fan onlarca uygulay\u0131c\u0131n\u0131n ve YBS duayenlerinin \u00f6\u011frencilere bilgi ve tecr\u00fcbelerini aktaraca\u011f\u0131 bulunmaz bir f\u0131rsat. Devam\u0131n\u0131 oku. KAMU B\u0130L\u0130\u015e\u0130M Z\u0130RVES\u0130 10-13 Nisan 2025 tarihlerinde Antalya\u2019da [&hellip;]\" \/>\n<meta property=\"og:url\" content=\"https:\/\/ybse.org.tr\/?page_id=100\" \/>\n<meta property=\"og:site_name\" content=\"Y\u00f6netim Bili\u015fim Sistemleri Enstit\u00fcs\u00fc\" \/>\n<meta property=\"article:modified_time\" content=\"2025-04-14T21:09:46+00:00\" \/>\n<meta name=\"twitter:card\" content=\"summary_large_image\" \/>\n<meta name=\"twitter:label1\" content=\"Tahmini okuma s\u00fcresi\" \/>\n\t<meta name=\"twitter:data1\" content=\"1 dakika\" \/>\n<script type=\"application\/ld+json\" class=\"yoast-schema-graph\">{\"@context\":\"https:\/\/schema.org\",\"@graph\":[{\"@type\":\"WebPage\",\"@id\":\"https:\/\/ybse.org.tr\/?page_id=100\",\"url\":\"https:\/\/ybse.org.tr\/?page_id=100\",\"name\":\"Etkinlikler - Y\u00f6netim Bili\u015fim Sistemleri Enstit\u00fcs\u00fc\",\"isPartOf\":{\"@id\":\"https:\/\/ybse.org.tr\/#website\"},\"datePublished\":\"2025-04-06T12:31:20+00:00\",\"dateModified\":\"2025-04-14T21:09:46+00:00\",\"breadcrumb\":{\"@id\":\"https:\/\/ybse.org.tr\/?page_id=100#breadcrumb\"},\"inLanguage\":\"tr\",\"potentialAction\":[{\"@type\":\"ReadAction\",\"target\":[\"https:\/\/ybse.org.tr\/?page_id=100\"]}]},{\"@type\":\"BreadcrumbList\",\"@id\":\"https:\/\/ybse.org.tr\/?page_id=100#breadcrumb\",\"itemListElement\":[{\"@type\":\"ListItem\",\"position\":1,\"name\":\"Anasayfa\",\"item\":\"https:\/\/ybse.org.tr\/?page_id=102\"},{\"@type\":\"ListItem\",\"position\":2,\"name\":\"Etkinlikler\"}]},{\"@type\":\"WebSite\",\"@id\":\"https:\/\/ybse.org.tr\/#website\",\"url\":\"https:\/\/ybse.org.tr\/\",\"name\":\"Y\u00f6netim Bili\u015fim Sistemleri Enstit\u00fcs\u00fc\",\"description\":\"\",\"publisher\":{\"@id\":\"https:\/\/ybse.org.tr\/#organization\"},\"potentialAction\":[{\"@type\":\"SearchAction\",\"target\":{\"@type\":\"EntryPoint\",\"urlTemplate\":\"https:\/\/ybse.org.tr\/?s={search_term_string}\"},\"query-input\":{\"@type\":\"PropertyValueSpecification\",\"valueRequired\":true,\"valueName\":\"search_term_string\"}}],\"inLanguage\":\"tr\"},{\"@type\":\"Organization\",\"@id\":\"https:\/\/ybse.org.tr\/#organization\",\"name\":\"Y\u00f6netim Bili\u015fim Sistemleri Enstit\u00fcs\u00fc\",\"url\":\"https:\/\/ybse.org.tr\/\",\"logo\":{\"@type\":\"ImageObject\",\"inLanguage\":\"tr\",\"@id\":\"https:\/\/ybse.org.tr\/#\/schema\/logo\/image\/\",\"url\":\"https:\/\/ybse.org.tr\/wp-content\/uploads\/2025\/04\/cropped-YBSE_Logo-1.jpeg\",\"contentUrl\":\"https:\/\/ybse.org.tr\/wp-content\/uploads\/2025\/04\/cropped-YBSE_Logo-1.jpeg\",\"width\":100,\"height\":100,\"caption\":\"Y\u00f6netim Bili\u015fim Sistemleri Enstit\u00fcs\u00fc\"},\"image\":{\"@id\":\"https:\/\/ybse.org.tr\/#\/schema\/logo\/image\/\"}}]}<\/script>\n<!-- \/ Yoast SEO plugin. -->","yoast_head_json":{"title":"Etkinlikler - Y\u00f6netim Bili\u015fim Sistemleri Enstit\u00fcs\u00fc","robots":{"index":"index","follow":"follow","max-snippet":"max-snippet:-1","max-image-preview":"max-image-preview:large","max-video-preview":"max-video-preview:-1"},"canonical":"https:\/\/ybse.org.tr\/?page_id=100","og_locale":"tr_TR","og_type":"article","og_title":"Etkinlikler - Y\u00f6netim Bili\u015fim Sistemleri Enstit\u00fcs\u00fc","og_description":"Y\u00f6netim Bili\u015fim Sistemleri Enstit\u00fcs\u00fcn\u00fcn organize etti\u011fi ve\/veya yer ald\u0131\u011f\u0131 etkinlikleri burada bulabilirsiniz. YBS \u00d6\u011eRENC\u0130 Z\u0130RVES\u0130 YBS \u00d6\u011frenci Zirvesi 26-27 Nisan 2025 tarihlerinde Ankara Medipol \u00dcniversitesi ev sahipli\u011finde yap\u0131lacakt\u0131r. Sekt\u00f6rde bili\u015fim alan\u0131nda \u00e7al\u0131\u015fan onlarca uygulay\u0131c\u0131n\u0131n ve YBS duayenlerinin \u00f6\u011frencilere bilgi ve tecr\u00fcbelerini aktaraca\u011f\u0131 bulunmaz bir f\u0131rsat. Devam\u0131n\u0131 oku. KAMU B\u0130L\u0130\u015e\u0130M Z\u0130RVES\u0130 10-13 Nisan 2025 tarihlerinde Antalya\u2019da [&hellip;]","og_url":"https:\/\/ybse.org.tr\/?page_id=100","og_site_name":"Y\u00f6netim Bili\u015fim Sistemleri Enstit\u00fcs\u00fc","article_modified_time":"2025-04-14T21:09:46+00:00","twitter_card":"summary_large_image","twitter_misc":{"Tahmini okuma s\u00fcresi":"1 dakika"},"schema":{"@context":"https:\/\/schema.org","@graph":[{"@type":"WebPage","@id":"https:\/\/ybse.org.tr\/?page_id=100","url":"https:\/\/ybse.org.tr\/?page_id=100","name":"Etkinlikler - Y\u00f6netim Bili\u015fim Sistemleri Enstit\u00fcs\u00fc","isPartOf":{"@id":"https:\/\/ybse.org.tr\/#website"},"datePublished":"2025-04-06T12:31:20+00:00","dateModified":"2025-04-14T21:09:46+00:00","breadcrumb":{"@id":"https:\/\/ybse.org.tr\/?page_id=100#breadcrumb"},"inLanguage":"tr","potentialAction":[{"@type":"ReadAction","target":["https:\/\/ybse.org.tr\/?page_id=100"]}]},{"@type":"BreadcrumbList","@id":"https:\/\/ybse.org.tr\/?page_id=100#breadcrumb","itemListElement":[{"@type":"ListItem","position":1,"name":"Anasayfa","item":"https:\/\/ybse.org.tr\/?page_id=102"},{"@type":"ListItem","position":2,"name":"Etkinlikler"}]},{"@type":"WebSite","@id":"https:\/\/ybse.org.tr\/#website","url":"https:\/\/ybse.org.tr\/","name":"Y\u00f6netim Bili\u015fim Sistemleri Enstit\u00fcs\u00fc","description":"","publisher":{"@id":"https:\/\/ybse.org.tr\/#organization"},"potentialAction":[{"@type":"SearchAction","target":{"@type":"EntryPoint","urlTemplate":"https:\/\/ybse.org.tr\/?s={search_term_string}"},"query-input":{"@type":"PropertyValueSpecification","valueRequired":true,"valueName":"search_term_string"}}],"inLanguage":"tr"},{"@type":"Organization","@id":"https:\/\/ybse.org.tr\/#organization","name":"Y\u00f6netim Bili\u015fim Sistemleri Enstit\u00fcs\u00fc","url":"https:\/\/ybse.org.tr\/","logo":{"@type":"ImageObject","inLanguage":"tr","@id":"https:\/\/ybse.org.tr\/#\/schema\/logo\/image\/","url":"https:\/\/ybse.org.tr\/wp-content\/uploads\/2025\/04\/cropped-YBSE_Logo-1.jpeg","contentUrl":"https:\/\/ybse.org.tr\/wp-content\/uploads\/2025\/04\/cropped-YBSE_Logo-1.jpeg","width":100,"height":100,"caption":"Y\u00f6netim Bili\u015fim Sistemleri Enstit\u00fcs\u00fc"},"image":{"@id":"https:\/\/ybse.org.tr\/#\/schema\/logo\/image\/"}}]}},"_links":{"self":[{"href":"https:\/\/ybse.org.tr\/index.php?rest_route=\/wp\/v2\/pages\/100","targetHints":{"allow":["GET"]}}],"collection":[{"href":"https:\/\/ybse.org.tr\/index.php?rest_route=\/wp\/v2\/pages"}],"about":[{"href":"https:\/\/ybse.org.tr\/index.php?rest_route=\/wp\/v2\/types\/page"}],"author":[{"embeddable":true,"href":"https:\/\/ybse.org.tr\/index.php?rest_route=\/wp\/v2\/users\/1"}],"replies":[{"embeddable":true,"href":"https:\/\/ybse.org.tr\/index.php?rest_route=%2Fwp%2Fv2%2Fcomments&post=100"}],"version-history":[{"count":9,"href":"https:\/\/ybse.org.tr\/index.php?rest_route=\/wp\/v2\/pages\/100\/revisions"}],"predecessor-version":[{"id":216,"href":"https:\/\/ybse.org.tr\/index.php?rest_route=\/wp\/v2\/pages\/100\/revisions\/216"}],"wp:attachment":[{"href":"https:\/\/ybse.org.tr\/index.php?rest_route=%2Fwp%2Fv2%2Fmedia&parent=100"}],"curies":[{"name":"wp","href":"https:\/\/api.w.org\/{rel}","templated":true}]}}